{"id":12636,"date":"2021-01-10T14:47:31","date_gmt":"2021-01-10T11:47:31","guid":{"rendered":"https:\/\/sadecesanaozel.com.tr\/?post_type=product&#038;p=12636"},"modified":"2024-11-27T13:18:18","modified_gmt":"2024-11-27T10:18:18","slug":"kisiye-ozel-hediyelik-14-subat-sevgililer-gunu-hediyesi-sevgili-kupalari-kombin-bardak-sevgili-bardagi-cifte-kumrular","status":"publish","type":"product","link":"https:\/\/sadecesanaozel.com.tr\/index.php\/urun\/kisiye-ozel-hediyelik-14-subat-sevgililer-gunu-hediyesi-sevgili-kupalari-kombin-bardak-sevgili-bardagi-cifte-kumrular\/","title":{"rendered":"Sevgili Barda\u011f\u0131 \u00c7ifte Kumru A\u015fk"},"content":{"rendered":"<p>[vc_row content_placement=&#8221;top&#8221;][vc_column width=&#8221;1\/2&#8243;][vc_column_text text_larger=&#8221;no&#8221;]<img loading=\"lazy\" decoding=\"async\" class=\" wp-image-3101 alignleft\" style=\"margin-right: 10px; margin-top: 2px;\" src=\"https:\/\/sadecesanaozel.com.tr\/wp-content\/uploads\/2018\/07\/sadece-sana-sevgiliye-\u00f6zel-\u00fcr\u00fcnler.png\" alt=\"\" width=\"120\" height=\"88\" \/>Bardaklar\u0131m\u0131z kaliteli porselen yap\u0131s\u0131yla uzun s\u00fcreli kullan\u0131ma uygun ve \u015fahsi yada hediyelik olarak kullanabilece\u011fiz 1. kalite \u015f\u0131k bir \u00fcr\u00fcnd\u00fcr. 3000 dereceye dayan\u0131kl\u0131 ve bula\u015f\u0131k makinesinde y\u0131kanabilen \u00f6zelli\u011fe sahip olan \u00f6zel seri Porselen Kupa Bardaklar\u0131m\u0131z\u0131 sat\u0131n alarak ister kendi adresinize ister hediye olarak sevdiklerinizin adresine g\u00f6nderebilirsiniz.<\/p>\n<blockquote><p>Ultra Coast \u00f6zelli\u011fi sayesinde 3000 derecede y\u0131kanabilen porselen kupa bardaklar\u0131m\u0131z hediyelik ve \u015fahsi kullan\u0131mlar a\u00e7\u0131s\u0131ndan \u015f\u0131k ve exclusive bir \u00fcr\u00fcn olup g\u00fcvenle kullanabilirsiniz.<\/p><\/blockquote>\n<p>Boyutlar: Geni\u015flik: 23 cm, Y\u00fckseklik: 9,5 cm,<br \/>\nBask\u0131 alan\u0131: Geni\u015flik: 20,3 cm, Y\u00fckseklik: 9 cm,<br \/>\n\u00dcr\u00fcn ile birlikte size g\u00f6nderilen talimatlara uygun olarak kullanman\u0131z \u00f6nerilmektedir.[\/vc_column_text][\/vc_column][vc_column width=&#8221;1\/2&#8243; css=&#8221;.vc_custom_1490694541710{padding-top: 0px !important;}&#8221;][vc_row_inner content_placement=&#8221;top&#8221;][vc_column_inner width=&#8221;1\/2&#8243; css=&#8221;.vc_custom_1490695008312{margin-bottom: 20px !important;}&#8221;]\t\t\t<div class=\"info-box-wrapper \">\n\t\t\t\t<div id=\"wd-69e447a6726da\" class=\" woodmart-info-box text-center box-icon-align-top box-style- color-scheme- woodmart-bg-none box-title-small vc_custom_1543494987743\"  >\n\t\t\t\t\t\t\t\t\t\t\t<div class=\"box-icon-wrapper  box-with-icon box-icon-simple\">\n\t\t\t\t\t\t\t<div class=\"info-box-icon\">\n\n\t\t\t\t\t\t\t\n\t\t\t\t\t\t\t\t\t\t\t\t\t\t\t\t\t<img loading=\"lazy\" decoding=\"async\" class=\"woodmart-lazy-load woodmart-lazy-fade info-icon image-1 \" src=\"data:image\/png;base64,iVBORw0KGgoAAAANSUhEUgAAAAoAAAAKCAYAAACNMs+9AAAACXBIWXMAAA7EAAAOxAGVKw4bAAAA+UlEQVQYlW3QsUpcYRiE4ef790TscjCLF2Dhnt0r8AJSS64lF5QLSBmsLNKlSKGVcjauRUhEEMIiQYLoOf+XIhtQcNp5GWYmoOu6UsIOGs\/1UNPtcrmsMZvNyqTEFG2Iq\/O+v\/9PLeZdk7TjWH\/FYt7tkHfEe7zZpN7gNb6mPArRFmyNtQ44wxec4Dd+4rTvv1U0BSalbGMdmZ9lfpL5EQMOUaE8Kf4nI3ZFHIiAa9wt5t3uEzCm6Db9LokWP3CKtzbGgHu0eIfv\/8bZxzaO8dA8DuP6VTOZZuaHiNjLHC765WVdzLst7GFd023A5suXDh8eh3G9Wq38Bc3\/XH1RZi7EAAAAAElFTkSuQmCC\" data-wood-src=\"https:\/\/sadecesanaozel.com.tr\/wp-content\/uploads\/2017\/06\/sadece-sana-\u00f6zel-ayn\u0131-g\u00fcn-h\u0131zl\u0131-kargo-icon-50x50.png\" width=\"50\" height=\"50\" alt=\"sadece sana \u00f6zel ayn\u0131 g\u00fcn h\u0131zl\u0131 kargo icon\" title=\"sadece sana \u00f6zel ayn\u0131 g\u00fcn h\u0131zl\u0131 kargo icon\" \/>\t\t\t\t\t\t\t\t\t\t\t\t\t\t\t\t\n\t\t\t\t\t\t\t\n\t\t\t\t\t\t\t<\/div>\n\t\t\t\t\t\t<\/div>\n\t\t\t\t\t\t\t\t\t\t<div class=\"info-box-content\">\n\t\t\t\t\t\t<h4 class=\"info-box-title woodmart-font-weight- box-title-style-default\">AYNI G\u00dcN KARGO<\/h4>\t\t\t\t\t\t<div class=\"info-box-inner reset-mb-10\">\n\t\t\t\t\t\t\t<\/p>\n<p style=\"text-align: center;\">Bu \u00fcr\u00fcn i\u00e7in saat 12:00&#8217;ye kadar verilen sipari\u015fler ayn\u0131 g\u00fcn kargoda.<\/p>\n<p>\n\t\t\t\t\t\t<\/div>\n\n\t\t\t\t\t\t\t\t\t\t\t\t\n\t\t\t\t\t<\/div>\n\n\t\t\t\t\t\t\t\t\t<\/div>\n\t\t\t<\/div>\n\t\t[\/vc_column_inner][vc_column_inner width=&#8221;1\/2&#8243; css=&#8221;.vc_custom_1490695011353{margin-bottom: 20px !important;}&#8221;]\t\t\t<div class=\"info-box-wrapper \">\n\t\t\t\t<div id=\"wd-69e447a672bdc\" class=\" woodmart-info-box text-center box-icon-align-top box-style- color-scheme- woodmart-bg-none box-title-small vc_custom_1557479369980\"  >\n\t\t\t\t\t\t\t\t\t\t\t<div class=\"box-icon-wrapper  box-with-icon box-icon-simple\">\n\t\t\t\t\t\t\t<div class=\"info-box-icon\">\n\n\t\t\t\t\t\t\t\n\t\t\t\t\t\t\t\t\t\t\t\t\t\t\t\t\t<img loading=\"lazy\" decoding=\"async\" class=\"woodmart-lazy-load woodmart-lazy-fade info-icon image-1 \" src=\"data:image\/png;base64,iVBORw0KGgoAAAANSUhEUgAAAAoAAAAKCAYAAACNMs+9AAAACXBIWXMAAA7EAAAOxAGVKw4bAAAA+0lEQVQYlTWOMU7DQBBF325WUUCWlVgWJaWxLSpAhFNwArggLVScgYICeTeuEULGOCmQi9jZofBmpCn+19PMUwBZlmkz0wlgAEAABeD9wbeurr2aIJVaV9+LyDcQTTBPZZFrIMVLo81MJ03z04vIDiiB8wD6yrpRkBZNqgHT\/nYxMAJVWA\/EgLZ240Hp4MQV8AX8hXwK3AGvIR\/leQlv+wD1ZZFfAg9AC7wbgLLIb7vtNh2HMVqcLK6HYXgGGmANfIJgENmjVJSsVmvgEPweA7gEcuBDhYtnCLvKuX3IN5V1b2VxMQcVH7x0KjjqssiXCHOOzTSjdZtORPgHrpdkhddnb6IAAAAASUVORK5CYII=\" data-wood-src=\"https:\/\/sadecesanaozel.com.tr\/wp-content\/uploads\/2017\/06\/sadece-sana-\u00f6zel-hediyelik-\u00fcr\u00fcn-icon-50x50.png\" width=\"50\" height=\"50\" alt=\"sadece sana \u00f6zel hediyelik \u00fcr\u00fcn icon\" title=\"sadece sana \u00f6zel hediyelik \u00fcr\u00fcn icon\" \/>\t\t\t\t\t\t\t\t\t\t\t\t\t\t\t\t\n\t\t\t\t\t\t\t\n\t\t\t\t\t\t\t<\/div>\n\t\t\t\t\t\t<\/div>\n\t\t\t\t\t\t\t\t\t\t<div class=\"info-box-content\">\n\t\t\t\t\t\t<h4 class=\"info-box-title woodmart-font-weight- box-title-style-default\">HED\u0130YEL\u0130K \u00dcR\u00dcN<\/h4>\t\t\t\t\t\t<div class=\"info-box-inner reset-mb-10\">\n\t\t\t\t\t\t\t<\/p>\n<p style=\"text-align: center;\">\u0130ster kendi, ister sevdi\u011finizin adresine do\u011frudan g\u00f6nderebilirisiniz.<\/p>\n<p>\n\t\t\t\t\t\t<\/div>\n\n\t\t\t\t\t\t\t\t\t\t\t\t\n\t\t\t\t\t<\/div>\n\n\t\t\t\t\t\t\t\t\t<\/div>\n\t\t\t<\/div>\n\t\t[\/vc_column_inner][vc_column_inner width=&#8221;1\/2&#8243; css=&#8221;.vc_custom_1490694847874{margin-bottom: 20px !important;}&#8221;]\t\t\t<div class=\"info-box-wrapper \">\n\t\t\t\t<div id=\"wd-69e447a673922\" class=\" woodmart-info-box text-center box-icon-align-top box-style- color-scheme- woodmart-bg-none box-title-small vc_custom_1543495035171\"  >\n\t\t\t\t\t\t\t\t\t\t\t<div class=\"box-icon-wrapper  box-with-icon box-icon-simple\">\n\t\t\t\t\t\t\t<div class=\"info-box-icon\">\n\n\t\t\t\t\t\t\t\n\t\t\t\t\t\t\t\t\t\t\t\t\t\t\t\t\t<img loading=\"lazy\" decoding=\"async\" class=\"woodmart-lazy-load woodmart-lazy-fade info-icon image-1 \" src=\"data:image\/png;base64,iVBORw0KGgoAAAANSUhEUgAAAAoAAAAKCAYAAACNMs+9AAAACXBIWXMAAA7EAAAOxAGVKw4bAAAA1UlEQVQYlW3QvUoDURTE8d+9u6YSCSGFxRLS5Sa1te9h5UP5OtpbiVWykk4sQwhitdkPmxtYwQNTnf+ZOUyAlFKMwQylv9P0g1Nd131YrVaxiGGOBb5xMyYHPruuP8QihilOgpihRVaf0WNZxFnEZLurW4MKCddZG1S73UePcvzTV45eDsPwGkKoMLk4X8A+xz7iNoTwgAYveBuDMbs94S4fPWOadyLadUoRFdoc1+AeabNOJZry3HbHq7KYY5ud3kd\/\/2DaDw4Bcpf\/Fd6e2+643+\/9AjwOQYQfmCz9AAAAAElFTkSuQmCC\" data-wood-src=\"https:\/\/sadecesanaozel.com.tr\/wp-content\/uploads\/2017\/06\/sadece-sana-\u00f6zel-ultra-coast-icon-50x50.png\" width=\"50\" height=\"50\" alt=\"sadece sana \u00f6zel ultra coast icon\" title=\"sadece sana \u00f6zel ultra coast icon\" \/>\t\t\t\t\t\t\t\t\t\t\t\t\t\t\t\t\n\t\t\t\t\t\t\t\n\t\t\t\t\t\t\t<\/div>\n\t\t\t\t\t\t<\/div>\n\t\t\t\t\t\t\t\t\t\t<div class=\"info-box-content\">\n\t\t\t\t\t\t<h4 class=\"info-box-title woodmart-font-weight- box-title-style-default\">MAK\u0130NEDE YIKANAB\u0130L\u0130R<\/h4>\t\t\t\t\t\t<div class=\"info-box-inner reset-mb-10\">\n\t\t\t\t\t\t\t<\/p>\n<p style=\"text-align: center;\">Geli\u015ftirilmi\u015f 3000 derece \u00f6zelli\u011fi ile bula\u015f\u0131k makinesinde y\u0131kanabilir.<\/p>\n<p>\n\t\t\t\t\t\t<\/div>\n\n\t\t\t\t\t\t\t\t\t\t\t\t\n\t\t\t\t\t<\/div>\n\n\t\t\t\t\t\t\t\t\t<\/div>\n\t\t\t<\/div>\n\t\t[\/vc_column_inner][vc_column_inner width=&#8221;1\/2&#8243; css=&#8221;.vc_custom_1490694856753{margin-bottom: 20px !important;}&#8221;]\t\t\t<div class=\"info-box-wrapper \">\n\t\t\t\t<div id=\"wd-69e447a673beb\" class=\" woodmart-info-box text-center box-icon-align-top box-style- color-scheme- woodmart-bg-none box-title-small vc_custom_1543495059998\"  >\n\t\t\t\t\t\t\t\t\t\t\t<div class=\"box-icon-wrapper  box-with-icon box-icon-simple\">\n\t\t\t\t\t\t\t<div class=\"info-box-icon\">\n\n\t\t\t\t\t\t\t\n\t\t\t\t\t\t\t\t\t\t\t\t\t\t\t\t\t<img loading=\"lazy\" decoding=\"async\" class=\"woodmart-lazy-load woodmart-lazy-fade info-icon image-1 \" src=\"data:image\/png;base64,iVBORw0KGgoAAAANSUhEUgAAAAoAAAAKCAYAAACNMs+9AAAACXBIWXMAAA7EAAAOxAGVKw4bAAAA4klEQVQYlU3QMUuCYRTF8d\/zZmlRIPKm1hBKIiW096md+gQRDY0N+gZOQg4NDhIV9tJt8CE6cJd7Lv97OAmGw2Fx2Gp20MIx3lGjnlcv64j42UspFWf9XomEGzTRs9PraVl2jk9OPtPk+qqMsEmFgfCFc\/xggDamUKAxr6paJNk8wizHeMIFGoU\/BWzRxS1WGGEjdkT51QZveMB9Ji5m82ohkSbXV\/28HOXp4iPTl5m8LGJXwzjXssVjrmab825RF6Q1nom7fDzGAdoRMcUqfdfrBJPJZSH2O2j4p6COsK6qyi8BaUuttVPh9QAAAABJRU5ErkJggg==\" data-wood-src=\"https:\/\/sadecesanaozel.com.tr\/wp-content\/uploads\/2017\/06\/sadece-sana-\u00f6zel-porselen-bardak-icon-50x50.png\" width=\"50\" height=\"50\" alt=\"sadece sana \u00f6zel porselen bardak icon\" title=\"sadece sana \u00f6zel porselen bardak icon\" \/>\t\t\t\t\t\t\t\t\t\t\t\t\t\t\t\t\n\t\t\t\t\t\t\t\n\t\t\t\t\t\t\t<\/div>\n\t\t\t\t\t\t<\/div>\n\t\t\t\t\t\t\t\t\t\t<div class=\"info-box-content\">\n\t\t\t\t\t\t<h4 class=\"info-box-title woodmart-font-weight- box-title-style-default\">PORSELEN \u00dcR\u00dcN\u00dc<\/h4>\t\t\t\t\t\t<div class=\"info-box-inner reset-mb-10\">\n\t\t\t\t\t\t\t<\/p>\n<p style=\"text-align: center;\">Piyasadaki \u00fcr\u00fcnlerden fark\u0131, onun \u00f6zel porselen yap\u0131s\u0131nda ki kalitesidir.<\/p>\n<p>\n\t\t\t\t\t\t<\/div>\n\n\t\t\t\t\t\t\t\t\t\t\t\t\n\t\t\t\t\t<\/div>\n\n\t\t\t\t\t\t\t\t\t<\/div>\n\t\t\t<\/div>\n\t\t[\/vc_column_inner][\/vc_row_inner][\/vc_column][\/vc_row]<\/p>\n","protected":false},"excerpt":{"rendered":"<p><span style=\"vertical-align: inherit;\">\u00c7iftler i\u00e7in \u00f6zel olarak tasarlanan \u00c7ifte Kumrular A\u015fk isimli sevgiliye \u00f6zel kupa bardaklar\u0131m\u0131z\u0131, sevgilinize veya e\u015finize hediye edebilirsiniz. Sevgililer g\u00fcn\u00fc hediyesi veya sevgilinize hediye edebilece\u011finiz kupa bardaklar\u0131m\u0131z 3000 dereceye dayan\u0131kl\u0131 ve bula\u015f\u0131k makinesinde y\u0131kanabilen \u00f6zelli\u011fe sahiptir. Sevgililere \u00f6zel kupa bardaklar\u0131m\u0131z, \u015fahsi ve hediyelik olarak kullanabilece\u011finiz \u015f\u0131k bir porselen kupa bardakt\u0131r. Bu \u00fcr\u00fcn\u00fc sat\u0131n alarak, ister kendi adresinize ister hediye olarak sevdiklerinizin adresine g\u00f6nderebilirsiniz. <\/span><strong><em><span style=\"vertical-align: inherit;\">E\u011fer bardak \u00fczerindeki s\u00f6z\u00fc de\u011fi\u015ftirmek isterseniz a\u015fa\u011f\u0131daki alana kendi s\u00f6z\u00fcn\u00fcz\u00fc ekleyebilirsiniz.<\/span><\/em><\/strong><\/p>\n","protected":false},"featured_media":12638,"comment_status":"open","ping_status":"closed","template":"","meta":[],"product_brand":[],"product_cat":[522],"product_tag":[527,530,531,525,528,535],"class_list":{"0":"post-12636","1":"product","2":"type-product","3":"status-publish","4":"has-post-thumbnail","6":"product_cat-sevgiliye-ozel","7":"product_tag-14-subat-sevgililer-gunu-hediyesi","8":"product_tag-sevgili-bardagi","9":"product_tag-sevgililer-gunu-bardagi","10":"product_tag-sevgililer-gunu-hediyesi","11":"product_tag-sevgilime-hediye","12":"product_tag-sevgiliye-hediye","14":"first","15":"instock","16":"shipping-taxable","17":"purchasable","18":"product-type-simple"},"aioseo_notices":[],"_links":{"self":[{"href":"https:\/\/sadecesanaozel.com.tr\/index.php\/wp-json\/wp\/v2\/product\/12636","targetHints":{"allow":["GET"]}}],"collection":[{"href":"https:\/\/sadecesanaozel.com.tr\/index.php\/wp-json\/wp\/v2\/product"}],"about":[{"href":"https:\/\/sadecesanaozel.com.tr\/index.php\/wp-json\/wp\/v2\/types\/product"}],"replies":[{"embeddable":true,"href":"https:\/\/sadecesanaozel.com.tr\/index.php\/wp-json\/wp\/v2\/comments?post=12636"}],"wp:featuredmedia":[{"embeddable":true,"href":"https:\/\/sadecesanaozel.com.tr\/index.php\/wp-json\/wp\/v2\/media\/12638"}],"wp:attachment":[{"href":"https:\/\/sadecesanaozel.com.tr\/index.php\/wp-json\/wp\/v2\/media?parent=12636"}],"wp:term":[{"taxonomy":"product_brand","embeddable":true,"href":"https:\/\/sadecesanaozel.com.tr\/index.php\/wp-json\/wp\/v2\/product_brand?post=12636"},{"taxonomy":"product_cat","embeddable":true,"href":"https:\/\/sadecesanaozel.com.tr\/index.php\/wp-json\/wp\/v2\/product_cat?post=12636"},{"taxonomy":"product_tag","embeddable":true,"href":"https:\/\/sadecesanaozel.com.tr\/index.php\/wp-json\/wp\/v2\/product_tag?post=12636"}],"curies":[{"name":"wp","href":"https:\/\/api.w.org\/{rel}","templated":true}]}}