{"id":12924,"date":"2021-04-04T20:55:04","date_gmt":"2021-04-04T17:55:04","guid":{"rendered":"https:\/\/sadecesanaozel.com.tr\/?post_type=product&#038;p=12924"},"modified":"2025-10-07T23:31:06","modified_gmt":"2025-10-07T20:31:06","slug":"hediyelik-ozel-dekoratif-yastik-lion-king","status":"publish","type":"product","link":"https:\/\/sadecesanaozel.com.tr\/index.php\/urun\/hediyelik-ozel-dekoratif-yastik-lion-king\/","title":{"rendered":"Lion King Dekoratif Yast\u0131k"},"content":{"rendered":"<p>[vc_row][vc_column width=&#8221;1\/3&#8243;]\t\t\n\t\t<div id=\"wd-606a2e9c2b03b\" class=\"title-wrapper  woodmart-title-color-default woodmart-title-style-default woodmart-title-width-100 text-left woodmart-title-size-small vc_custom_1617571489962\">\n\t\t\t\t\t\t\n\t\t\t<div class=\"liner-continer\">\n\t\t\t\t<span class=\"left-line\"><\/span>\n\t\t\t\t<h4 class=\"woodmart-title-container title  woodmart-font-weight-\" ><strong>TARZINA \u00d6ZEL YASTIK<\/strong><\/h4>\t\t\t\t\t\t\t\t<span class=\"right-line\"><\/span>\n\t\t\t<\/div>\n\t\t\t\n\t\t\t\t\t\t\n\t\t\t\t\t<\/div>\n\t\t\n\t\t[vc_column_text text_larger=&#8221;no&#8221;]<img loading=\"lazy\" decoding=\"async\" class=\" wp-image-3101 alignleft\" style=\"margin-right: 10px; margin-top: 2px;\" src=\"https:\/\/sadecesanaozel.com.tr\/wp-content\/uploads\/2018\/07\/sadece-sana-\u00f6zel-exclusive-\u00fcr\u00fcnler.png\" alt=\"\" width=\"120\" height=\"88\" \/>Sizlerin \u00f6zg\u00fc se\u00e7imine sunulmu\u015f olan yast\u0131klar\u0131m\u0131z makinede kolayl\u0131kla y\u0131kanabilen \u00f6zelli\u011fi ile pamuklu veya saten olmak \u00fczere iki farkl\u0131 kuma\u015ftan \u00fcretilmi\u015ftir. Evinizde kolay bir kullan\u0131m sa\u011flar. Yast\u0131klar\u0131m\u0131zdan be\u011fendi\u011finiz modeli \u00fcr\u00fcn i\u00e7inde belirtilmi\u015f ise kendi iste\u011finize g\u00f6re \u00f6zelle\u015ftirerek sat\u0131n alabilirsiniz. \u0130ster kendiniz i\u00e7in ister hediye olarak da sevdiklerinize g\u00f6nderebilirsiniz.<\/p>\n<p>\u00dcr\u00fcn ile ilgili sorular\u0131n\u0131z i\u00e7in m\u00fc\u015fteri temsilcilerimizden destek alabilirsiniz. \u0130yi g\u00fcnlerde kullanman\u0131z dile\u011fi ile iyi al\u0131\u015fveri\u015fler dileriz.[\/vc_column_text][\/vc_column][vc_column width=&#8221;1\/3&#8243;]\t\t\n\t\t<div id=\"wd-69e04150a862f\" class=\"title-wrapper  woodmart-title-color-default woodmart-title-style-default woodmart-title-width-100 text-left woodmart-title-size-small vc_custom_1532165181111\">\n\t\t\t\t\t\t\n\t\t\t<div class=\"liner-continer\">\n\t\t\t\t<span class=\"left-line\"><\/span>\n\t\t\t\t<h4 class=\"woodmart-title-container title  woodmart-font-weight-\" ><strong>\u00d6ZELL\u0130KLER<\/strong><\/h4>\t\t\t\t\t\t\t\t<span class=\"right-line\"><\/span>\n\t\t\t<\/div>\n\t\t\t\n\t\t\t\t\t\t\n\t\t\t\t\t<\/div>\n\t\t\n\t\t[vc_column_text text_larger=&#8221;no&#8221;]Pamuklu kuma\u015f 30 derecede, Saten kuma\u015flar\u0131 40 derecede makinenizde y\u0131kayabilirsiniz. Yast\u0131klar\u0131m\u0131z hediyelik ve \u015fahsi kullan\u0131mlar a\u00e7\u0131s\u0131ndan \u015f\u0131k ve exclusive bir \u00fcr\u00fcn olup g\u00fcvenle kullanabilirsiniz. \u00dcr\u00fcne ili\u015fkin baz\u0131 bilgiler burada yer almaktad\u0131r.<\/p>\n<ul class=\"unordered-list\">\n<li>Pamuk veya Saten Kuma\u015f<\/li>\n<li>Yeti\u015fkin ve \u00c7ocuklar i\u00e7in \u00f6zel tasar\u0131mlar.<\/li>\n<li>Farkl\u0131 \u015fekillerde \u00fcretimler.<\/li>\n<li>30 cm&#8217;lik Bask\u0131 Alan\u0131 <em>(g\u00f6rsellerin yast\u0131k \u00fczerinde ki bask\u0131 alan\u0131n\u0131n azami \u00f6l\u00e7\u00fcs\u00fcd\u00fcr. G\u00f6rsellerin kendi boyutlar\u0131na g\u00f6re uygun olarak bask\u0131lar\u0131 yap\u0131ld\u0131\u011f\u0131ndan bask\u0131 alan\u0131 de\u011fi\u015fkenlik g\u00f6sterecektir).<\/em><\/li>\n<\/ul>\n<p>[\/vc_column_text][\/vc_column][vc_column width=&#8221;1\/3&#8243;]\t\t\n\t\t<div id=\"wd-69e04150a8645\" class=\"title-wrapper  woodmart-title-color-default woodmart-title-style-default woodmart-title-width-100 text-left woodmart-title-size-small vc_custom_1532165195756\">\n\t\t\t\t\t\t\n\t\t\t<div class=\"liner-continer\">\n\t\t\t\t<span class=\"left-line\"><\/span>\n\t\t\t\t<h4 class=\"woodmart-title-container title  woodmart-font-weight-\" ><strong>\u00d6L\u00c7\u00dcLER<\/strong><\/h4>\t\t\t\t\t\t\t\t<span class=\"right-line\"><\/span>\n\t\t\t<\/div>\n\t\t\t\n\t\t\t\t\t\t\n\t\t\t\t\t<\/div>\n\t\t\n\t\t[vc_column_text css=&#8221;.vc_custom_1617552913979{margin-bottom: 18px !important;}&#8221; text_larger=&#8221;no&#8221;]\u00d6l\u00e7\u00fcler: \u00dcr\u00fcn i\u00e7erisinde \u00f6zelli\u011fine g\u00f6re belirtilmi\u015ftir.<br \/>\nBask\u0131 alan\u0131: Yast\u0131k \u00fczerindeki desene uygun olarak ayarlanmaktad\u0131r.[\/vc_column_text]\t\t\n\t\t<div id=\"wd-6069f8538c4aa\" class=\"title-wrapper  woodmart-title-color-default woodmart-title-style-default woodmart-title-width-100 text-left woodmart-title-size-small vc_custom_1617557598810\">\n\t\t\t\t\t\t\n\t\t\t<div class=\"liner-continer\">\n\t\t\t\t<span class=\"left-line\"><\/span>\n\t\t\t\t<h4 class=\"woodmart-title-container title  woodmart-font-weight-\" ><strong>KARGO B\u0130LG\u0130LER\u0130<\/strong><\/h4>\t\t\t\t\t\t\t\t<span class=\"right-line\"><\/span>\n\t\t\t<\/div>\n\t\t\t\n\t\t\t\t\t\t\n\t\t\t\t\t<\/div>\n\t\t\n\t\t[vc_column_text css=&#8221;.vc_custom_1617552953573{margin-bottom: 18px !important;}&#8221; text_larger=&#8221;no&#8221;]Bu \u00fcr\u00fcn en ge\u00e7 48 saat i\u00e7erisinde kargolanmaktad\u0131r.[\/vc_column_text]\t\t\n\t\t<div id=\"wd-69e04150a8663\" class=\"title-wrapper  woodmart-title-color-default woodmart-title-style-default woodmart-title-width-100 text-left woodmart-title-size-small vc_custom_1532165388869\">\n\t\t\t\t\t\t\n\t\t\t<div class=\"liner-continer\">\n\t\t\t\t<span class=\"left-line\"><\/span>\n\t\t\t\t<h4 class=\"woodmart-title-container title  woodmart-font-weight-\" ><strong>KULLANMA TAL\u0130MATI<\/strong><\/h4>\t\t\t\t\t\t\t\t<span class=\"right-line\"><\/span>\n\t\t\t<\/div>\n\t\t\t\n\t\t\t\t\t\t\n\t\t\t\t\t<\/div>\n\t\t\n\t\t[vc_column_text]\u00dcr\u00fcn ile birlikte size g\u00f6nderilen talimatlara uygun olarak kullanman\u0131z \u00f6nerilmektedir.[\/vc_column_text][\/vc_column][\/vc_row]<\/p>\n","protected":false},"excerpt":{"rendered":"<p>35x35cm Dekoratif Aslan desenli yast\u0131\u011f\u0131m\u0131z, \u00f6zel deri saten kuma\u015f \u00fczerine \u00e7\u0131kmayan kal\u0131c\u0131 bask\u0131 sistemiyle uygulanm\u0131\u015ft\u0131r. \u00dcr\u00fcn 1. s\u0131n\u0131f silikon boncuk elyaf ile doldurulmu\u015ftur. Kuma\u015f rengi a\u00e7\u0131k kremdir. Direk kullan\u0131ma haz\u0131r, hijyenik olarak adresinize g\u00f6nderimi yap\u0131lmaktad\u0131r. Y\u00fcksek \u0131s\u0131larda yapm\u0131\u015f oldu\u011fumuz testler sonucu, do\u011frudan makinede (a\u011fart\u0131c\u0131 vb. kullan\u0131lmadan sadece deterjan ile) y\u0131kanabilir.\u00a0 Aslan desenli yast\u0131\u011f\u0131m\u0131z\u0131 evinizde bir \u00e7ok e\u015fyan\u0131zla kombin edebilirsiniz. Do\u011frudan kuma\u015f \u00fczerine uygulanan bask\u0131 tekni\u011fi, sizlere uzun s\u00fcreli kullan\u0131m imkan\u0131 sa\u011flar. \u0130ster kendiniz i\u00e7in ister hediye olarak sevdiklerinize g\u00f6nderin.<\/p>\n","protected":false},"featured_media":12925,"comment_status":"open","ping_status":"closed","template":"","meta":[],"product_brand":[],"product_cat":[654],"product_tag":[662,242,657,656,655],"class_list":{"0":"post-12924","1":"product","2":"type-product","3":"status-publish","4":"has-post-thumbnail","6":"product_cat-yastik","7":"product_tag-aslan-desenli-yastik","8":"product_tag-baskili-yastik","9":"product_tag-dekoratif-yastik","10":"product_tag-kisiye-ozel-yastik","11":"product_tag-yastik","13":"first","14":"outofstock","15":"shipping-taxable","16":"purchasable","17":"product-type-simple"},"aioseo_notices":[],"_links":{"self":[{"href":"https:\/\/sadecesanaozel.com.tr\/index.php\/wp-json\/wp\/v2\/product\/12924","targetHints":{"allow":["GET"]}}],"collection":[{"href":"https:\/\/sadecesanaozel.com.tr\/index.php\/wp-json\/wp\/v2\/product"}],"about":[{"href":"https:\/\/sadecesanaozel.com.tr\/index.php\/wp-json\/wp\/v2\/types\/product"}],"replies":[{"embeddable":true,"href":"https:\/\/sadecesanaozel.com.tr\/index.php\/wp-json\/wp\/v2\/comments?post=12924"}],"wp:featuredmedia":[{"embeddable":true,"href":"https:\/\/sadecesanaozel.com.tr\/index.php\/wp-json\/wp\/v2\/media\/12925"}],"wp:attachment":[{"href":"https:\/\/sadecesanaozel.com.tr\/index.php\/wp-json\/wp\/v2\/media?parent=12924"}],"wp:term":[{"taxonomy":"product_brand","embeddable":true,"href":"https:\/\/sadecesanaozel.com.tr\/index.php\/wp-json\/wp\/v2\/product_brand?post=12924"},{"taxonomy":"product_cat","embeddable":true,"href":"https:\/\/sadecesanaozel.com.tr\/index.php\/wp-json\/wp\/v2\/product_cat?post=12924"},{"taxonomy":"product_tag","embeddable":true,"href":"https:\/\/sadecesanaozel.com.tr\/index.php\/wp-json\/wp\/v2\/product_tag?post=12924"}],"curies":[{"name":"wp","href":"https:\/\/api.w.org\/{rel}","templated":true}]}}