{"id":13007,"date":"2021-04-05T11:13:31","date_gmt":"2021-04-05T08:13:31","guid":{"rendered":"https:\/\/sadecesanaozel.com.tr\/?post_type=product&#038;p=13007"},"modified":"2024-11-27T13:16:38","modified_gmt":"2024-11-27T10:16:38","slug":"kisiye-ozel-soz-nisan-dugun-isim-baskili-beyaz-kurdela","status":"publish","type":"product","link":"https:\/\/sadecesanaozel.com.tr\/index.php\/urun\/kisiye-ozel-soz-nisan-dugun-isim-baskili-beyaz-kurdela\/","title":{"rendered":"S\u00f6z Ni\u015fan Kurdelesi Beyaz"},"content":{"rendered":"<p>[vc_row][vc_column width=&#8221;1\/3&#8243;]\t\t\n\t\t<div id=\"wd-606ac8b871e27\" class=\"title-wrapper  woodmart-title-color-default woodmart-title-style-default woodmart-title-width-100 text-left woodmart-title-size-small vc_custom_1617610949662\">\n\t\t\t\t\t\t\n\t\t\t<div class=\"liner-continer\">\n\t\t\t\t<span class=\"left-line\"><\/span>\n\t\t\t\t<h4 class=\"woodmart-title-container title  woodmart-font-weight-\" ><strong>\u00d6ZEL G\u00dcN \u00dcR\u00dcNLER\u0130<\/strong><\/h4>\t\t\t\t\t\t\t\t<span class=\"right-line\"><\/span>\n\t\t\t<\/div>\n\t\t\t\n\t\t\t\t\t\t\n\t\t\t\t\t<\/div>\n\t\t\n\t\t[vc_column_text text_larger=&#8221;no&#8221;]<img loading=\"lazy\" decoding=\"async\" class=\" wp-image-3101 alignleft\" style=\"margin-right: 10px; margin-top: 2px;\" src=\"https:\/\/sadecesanaozel.com.tr\/wp-content\/uploads\/2018\/07\/sadece-sana-\u00f6zel-ki\u015fiye-\u00f6zel-\u00f6zel-g\u00fcn-\u00fcr\u00fcnleri.png\" alt=\"\" width=\"120\" height=\"88\" \/>Sizlerin \u00f6zg\u00fc se\u00e7imine sunulmu\u015f olan ki\u015fiselle\u015ftirilebilir \u00f6zel g\u00fcn \u00fcr\u00fcnlerimizi ihtiya\u00e7lar\u0131n\u0131z do\u011frultusunda sitemizden temin edebilirsiniz. S\u00f6z, Ni\u015fan, D\u00fc\u011f\u00fcn, Do\u011fum G\u00fcn\u00fc, Y\u0131l D\u00f6n\u00fcm\u00fc v.b. \u00f6zel g\u00fcnleriniz i\u00e7in tasarlad\u0131\u011f\u0131m\u0131z \u00fcr\u00fcnlerimiz ile hayat\u0131n\u0131z\u0131 renklendirebilirsiniz. \u00dcr\u00fcnlerimizden be\u011fendi\u011finiz modeli \u00fcr\u00fcn i\u00e7inde belirtilmi\u015f ise kendi iste\u011finize g\u00f6re \u00f6zelle\u015ftirerek sat\u0131n alabilirsiniz. \u0130ster kendiniz i\u00e7in ister hediye olarak da sevdiklerinize g\u00f6nderebilirsiniz.<\/p>\n<p>\u00dcr\u00fcn ile ilgili sorular\u0131n\u0131z i\u00e7in m\u00fc\u015fteri temsilcilerimizden destek alabilirsiniz. \u0130yi g\u00fcnlerde kullanman\u0131z dile\u011fi ile iyi al\u0131\u015fveri\u015fler dileriz.[\/vc_column_text][\/vc_column][vc_column width=&#8221;1\/3&#8243;]\t\t\n\t\t<div id=\"wd-69e3a2a101c8d\" class=\"title-wrapper  woodmart-title-color-default woodmart-title-style-default woodmart-title-width-100 text-left woodmart-title-size-small vc_custom_1532165181111\">\n\t\t\t\t\t\t\n\t\t\t<div class=\"liner-continer\">\n\t\t\t\t<span class=\"left-line\"><\/span>\n\t\t\t\t<h4 class=\"woodmart-title-container title  woodmart-font-weight-\" ><strong>\u00d6ZELL\u0130KLER<\/strong><\/h4>\t\t\t\t\t\t\t\t<span class=\"right-line\"><\/span>\n\t\t\t<\/div>\n\t\t\t\n\t\t\t\t\t\t\n\t\t\t\t\t<\/div>\n\t\t\n\t\t[vc_column_text text_larger=&#8221;no&#8221;]Sitemizden alaca\u011f\u0131n\u0131z \u00fcr\u00fcnler hakk\u0131nda temizlik ve y\u0131kama bilgileri \u00fcr\u00fcn i\u00e7erisinde belirtilmektedir. \u00d6zel g\u00fcn \u00fcr\u00fcnlerimiz sizlerin ihtiya\u00e7lar\u0131 d\u00fc\u015f\u00fcn\u00fclerek olu\u015fturulmu\u015ftur. \u00dcr\u00fcnlerimiz \u015f\u0131k ve exclusive bir \u00fcr\u00fcn olup g\u00fcvenle kullanabilirsiniz. \u00dcr\u00fcne ili\u015fkin baz\u0131 bilgiler burada yer almaktad\u0131r.<\/p>\n<ul class=\"unordered-list\">\n<li>S\u00f6z Ni\u015fan D\u00fc\u011f\u00fcn yard\u0131mc\u0131 \u00fcr\u00fcnleri<\/li>\n<li>Do\u011fum g\u00fcn\u00fc yard\u0131mc\u0131 \u00fcr\u00fcnleri.<\/li>\n<li>Farkl\u0131 \u015fekillerde \u00fcretimler.<\/li>\n<li>Sudan etkilenmeyen kal\u0131c\u0131 bask\u0131 sistemi <em>(g\u00f6rsellerin \u00fczerindeki bask\u0131lalr\u0131n d\u0131\u015f\u0131nda bask\u0131 yap\u0131lmas\u0131 istenilirse bizlerle irtibata ge\u00e7ebilirsiniz. G\u00f6rsellerin kendi boyutlar\u0131na g\u00f6re uygun olarak bask\u0131lar\u0131 yap\u0131ld\u0131\u011f\u0131ndan bask\u0131 alan\u0131 de\u011fi\u015fkenlik g\u00f6sterecektir).<\/em><\/li>\n<\/ul>\n<p>[\/vc_column_text][\/vc_column][vc_column width=&#8221;1\/3&#8243;]\t\t\n\t\t<div id=\"wd-69e3a2a101caa\" class=\"title-wrapper  woodmart-title-color-default woodmart-title-style-default woodmart-title-width-100 text-left woodmart-title-size-small vc_custom_1532165195756\">\n\t\t\t\t\t\t\n\t\t\t<div class=\"liner-continer\">\n\t\t\t\t<span class=\"left-line\"><\/span>\n\t\t\t\t<h4 class=\"woodmart-title-container title  woodmart-font-weight-\" ><strong>\u00d6L\u00c7\u00dcLER<\/strong><\/h4>\t\t\t\t\t\t\t\t<span class=\"right-line\"><\/span>\n\t\t\t<\/div>\n\t\t\t\n\t\t\t\t\t\t\n\t\t\t\t\t<\/div>\n\t\t\n\t\t[vc_column_text css=&#8221;.vc_custom_1617611220586{margin-bottom: 18px !important;}&#8221; text_larger=&#8221;no&#8221;]\u00d6l\u00e7\u00fcler: \u00dcr\u00fcn i\u00e7erisinde \u00f6zelli\u011fine g\u00f6re belirtilmi\u015ftir.<br \/>\nBask\u0131 alan\u0131: \u00dcr\u00fcne uygun olarak ayarlanmaktad\u0131r.[\/vc_column_text]\t\t\n\t\t<div id=\"wd-6069f8538c4aa\" class=\"title-wrapper  woodmart-title-color-default woodmart-title-style-default woodmart-title-width-100 text-left woodmart-title-size-small vc_custom_1617557598810\">\n\t\t\t\t\t\t\n\t\t\t<div class=\"liner-continer\">\n\t\t\t\t<span class=\"left-line\"><\/span>\n\t\t\t\t<h4 class=\"woodmart-title-container title  woodmart-font-weight-\" ><strong>KARGO B\u0130LG\u0130LER\u0130<\/strong><\/h4>\t\t\t\t\t\t\t\t<span class=\"right-line\"><\/span>\n\t\t\t<\/div>\n\t\t\t\n\t\t\t\t\t\t\n\t\t\t\t\t<\/div>\n\t\t\n\t\t[vc_column_text css=&#8221;.vc_custom_1617552953573{margin-bottom: 18px !important;}&#8221; text_larger=&#8221;no&#8221;]Bu \u00fcr\u00fcn en ge\u00e7 48 saat i\u00e7erisinde kargolanmaktad\u0131r.[\/vc_column_text]\t\t\n\t\t<div id=\"wd-69e3a2a101cda\" class=\"title-wrapper  woodmart-title-color-default woodmart-title-style-default woodmart-title-width-100 text-left woodmart-title-size-small vc_custom_1532165388869\">\n\t\t\t\t\t\t\n\t\t\t<div class=\"liner-continer\">\n\t\t\t\t<span class=\"left-line\"><\/span>\n\t\t\t\t<h4 class=\"woodmart-title-container title  woodmart-font-weight-\" ><strong>KULLANMA TAL\u0130MATI<\/strong><\/h4>\t\t\t\t\t\t\t\t<span class=\"right-line\"><\/span>\n\t\t\t<\/div>\n\t\t\t\n\t\t\t\t\t\t\n\t\t\t\t\t<\/div>\n\t\t\n\t\t[vc_column_text]\u00dcr\u00fcn ile birlikte size g\u00f6nderilen talimatlara uygun olarak kullanman\u0131z \u00f6nerilmektedir.[\/vc_column_text][\/vc_column][\/vc_row]<\/p>\n","protected":false},"excerpt":{"rendered":"<p>S\u00f6z Ni\u015fan D\u00fc\u011f\u00fcn Kurdelesi \u00e7e\u015fitlerimiz 10mm geni\u015fli\u011finde olup uzunlu\u011fu s\u0131n\u0131rs\u0131zd\u0131r. \u00dcr\u00fcn\u00fcn 1 metre fiyat\u0131d\u0131r. \u0130htiyac\u0131n\u0131za g\u00f6re miktar\u0131 artt\u0131rabilirsiniz. 1 metre haricindeki \u00fcr\u00fcnler kesilmeden g\u00f6nderilir. Bask\u0131lar\u0131m\u0131z kurdele \u00fczerine \u00e7\u0131kmayan kal\u0131c\u0131 bask\u0131 sistemiyle uygulanm\u0131\u015ft\u0131r. Kurdele rengi beyazd\u0131r. \u00dcr\u00fcn \u00fczerindeki font standart olup, bizlerle ileti\u015fime ge\u00e7erek iste\u011fe ba\u011fl\u0131 \u00f6zel \u00fcretim talep edebilirsiniz. Direk kullan\u0131ma haz\u0131r, hijyenik olarak adresinize g\u00f6nderimi yap\u0131lmaktad\u0131r. Y\u00fcksek \u0131s\u0131larda yapm\u0131\u015f oldu\u011fumuz testler sonucu, do\u011frudan makinede (a\u011fart\u0131c\u0131 vb. kullan\u0131lmadan sadece deterjan ile) y\u0131kanabilir. Do\u011frudan kuma\u015f \u00fczerine uygulanan bask\u0131 tekni\u011fi, sizlere uzun s\u00fcreli kullan\u0131m imkan\u0131 sa\u011flar. \u0130ster kendiniz i\u00e7in ister hediye olarak sevdiklerinize g\u00f6nderin.<\/p>\n","protected":false},"featured_media":13008,"comment_status":"open","ping_status":"closed","template":"","meta":[],"product_brand":[],"product_cat":[787,670],"product_tag":[683,682,684,681,680,688,687,689],"class_list":{"0":"post-13007","1":"product","2":"type-product","3":"status-publish","4":"has-post-thumbnail","6":"product_cat-kurdele","7":"product_cat-ozel-gun-urunleri","8":"product_tag-baskili-kurdele","9":"product_tag-dugun-kurdelesi","10":"product_tag-isim-baskili-kurdele","11":"product_tag-nisan-kurdelesi","12":"product_tag-soz-kurdelesi","13":"product_tag-taki-kurdelesi","14":"product_tag-yazili-kurdele","15":"product_tag-yuzuk-kurdelesi","17":"first","18":"instock","19":"shipping-taxable","20":"purchasable","21":"product-type-simple"},"aioseo_notices":[],"_links":{"self":[{"href":"https:\/\/sadecesanaozel.com.tr\/index.php\/wp-json\/wp\/v2\/product\/13007","targetHints":{"allow":["GET"]}}],"collection":[{"href":"https:\/\/sadecesanaozel.com.tr\/index.php\/wp-json\/wp\/v2\/product"}],"about":[{"href":"https:\/\/sadecesanaozel.com.tr\/index.php\/wp-json\/wp\/v2\/types\/product"}],"replies":[{"embeddable":true,"href":"https:\/\/sadecesanaozel.com.tr\/index.php\/wp-json\/wp\/v2\/comments?post=13007"}],"wp:featuredmedia":[{"embeddable":true,"href":"https:\/\/sadecesanaozel.com.tr\/index.php\/wp-json\/wp\/v2\/media\/13008"}],"wp:attachment":[{"href":"https:\/\/sadecesanaozel.com.tr\/index.php\/wp-json\/wp\/v2\/media?parent=13007"}],"wp:term":[{"taxonomy":"product_brand","embeddable":true,"href":"https:\/\/sadecesanaozel.com.tr\/index.php\/wp-json\/wp\/v2\/product_brand?post=13007"},{"taxonomy":"product_cat","embeddable":true,"href":"https:\/\/sadecesanaozel.com.tr\/index.php\/wp-json\/wp\/v2\/product_cat?post=13007"},{"taxonomy":"product_tag","embeddable":true,"href":"https:\/\/sadecesanaozel.com.tr\/index.php\/wp-json\/wp\/v2\/product_tag?post=13007"}],"curies":[{"name":"wp","href":"https:\/\/api.w.org\/{rel}","templated":true}]}}