{"id":13744,"date":"2021-06-14T23:55:16","date_gmt":"2021-06-14T20:55:16","guid":{"rendered":"https:\/\/sadecesanaozel.com.tr\/?post_type=product&#038;p=13744"},"modified":"2026-03-23T20:39:35","modified_gmt":"2026-03-23T17:39:35","slug":"kisiye-ozel-soz-nisan-kina-dugun-afisi-06","status":"publish","type":"product","link":"https:\/\/sadecesanaozel.com.tr\/index.php\/urun\/kisiye-ozel-soz-nisan-kina-dugun-afisi-06\/","title":{"rendered":"S\u00f6z Ni\u015fan K\u0131na D\u00fc\u011f\u00fcn Afi\u015fi Model 06"},"content":{"rendered":"<p>[vc_row][vc_column width=&#8221;1\/3&#8243;]\t\t\n\t\t<div id=\"wd-606ac8b871e27\" class=\"title-wrapper  woodmart-title-color-default woodmart-title-style-default woodmart-title-width-100 text-left woodmart-title-size-small vc_custom_1617610949662\">\n\t\t\t\t\t\t\n\t\t\t<div class=\"liner-continer\">\n\t\t\t\t<span class=\"left-line\"><\/span>\n\t\t\t\t<h4 class=\"woodmart-title-container title  woodmart-font-weight-\" ><strong>\u00d6ZEL G\u00dcN \u00dcR\u00dcNLER\u0130<\/strong><\/h4>\t\t\t\t\t\t\t\t<span class=\"right-line\"><\/span>\n\t\t\t<\/div>\n\t\t\t\n\t\t\t\t\t\t\n\t\t\t\t\t<\/div>\n\t\t\n\t\t[vc_column_text text_larger=&#8221;no&#8221;]<img loading=\"lazy\" decoding=\"async\" class=\" wp-image-3101 alignleft\" style=\"margin-right: 10px; margin-top: 2px;\" src=\"https:\/\/sadecesanaozel.com.tr\/wp-content\/uploads\/2018\/07\/sadece-sana-\u00f6zel-ki\u015fiye-\u00f6zel-\u00f6zel-g\u00fcn-\u00fcr\u00fcnleri.png\" alt=\"\" width=\"120\" height=\"88\" \/>Sizlerin \u00f6zg\u00fc se\u00e7imine sunulmu\u015f olan ki\u015fiselle\u015ftirilebilir \u00f6zel g\u00fcn \u00fcr\u00fcnlerimizi ihtiya\u00e7lar\u0131n\u0131z do\u011frultusunda sitemizden temin edebilirsiniz. S\u00f6z, Ni\u015fan, D\u00fc\u011f\u00fcn, Do\u011fum G\u00fcn\u00fc, Y\u0131l D\u00f6n\u00fcm\u00fc v.b. \u00f6zel g\u00fcnleriniz i\u00e7in tasarlad\u0131\u011f\u0131m\u0131z \u00fcr\u00fcnlerimiz ile hayat\u0131n\u0131z\u0131 renklendirebilirsiniz. \u00dcr\u00fcnlerimizden be\u011fendi\u011finiz modeli \u00fcr\u00fcn i\u00e7inde belirtilmi\u015f ise kendi iste\u011finize g\u00f6re \u00f6zelle\u015ftirerek sat\u0131n alabilirsiniz. \u0130ster kendiniz i\u00e7in ister hediye olarak da sevdiklerinize g\u00f6nderebilirsiniz.<\/p>\n<p>\u00dcr\u00fcn ile ilgili sorular\u0131n\u0131z i\u00e7in m\u00fc\u015fteri temsilcilerimizden destek alabilirsiniz. \u0130yi g\u00fcnlerde kullanman\u0131z dile\u011fi ile iyi al\u0131\u015fveri\u015fler dileriz.[\/vc_column_text][\/vc_column][vc_column width=&#8221;1\/3&#8243;]\t\t\n\t\t<div id=\"wd-69e0123d19fec\" class=\"title-wrapper  woodmart-title-color-default woodmart-title-style-default woodmart-title-width-100 text-left woodmart-title-size-small vc_custom_1532165181111\">\n\t\t\t\t\t\t\n\t\t\t<div class=\"liner-continer\">\n\t\t\t\t<span class=\"left-line\"><\/span>\n\t\t\t\t<h4 class=\"woodmart-title-container title  woodmart-font-weight-\" ><strong>\u00d6ZELL\u0130KLER<\/strong><\/h4>\t\t\t\t\t\t\t\t<span class=\"right-line\"><\/span>\n\t\t\t<\/div>\n\t\t\t\n\t\t\t\t\t\t\n\t\t\t\t\t<\/div>\n\t\t\n\t\t[vc_column_text text_larger=&#8221;no&#8221;]Sitemizden alaca\u011f\u0131n\u0131z \u00fcr\u00fcnler hakk\u0131nda kullan\u0131m bilgileri \u00fcr\u00fcn sayfas\u0131nda veya paket i\u00e7erisinde belirtilmektedir. \u00d6zel g\u00fcn \u00fcr\u00fcnlerimiz sizlerin ihtiya\u00e7lar\u0131 d\u00fc\u015f\u00fcn\u00fclerek olu\u015fturulmu\u015ftur. Afi\u015flerimiz sudan etkilenmez, g\u00fcvenle kullanabilirsiniz. \u00dcr\u00fcne ili\u015fkin baz\u0131 bilgiler burada yer almaktad\u0131r.<\/p>\n<ul class=\"unordered-list\">\n<li>S\u00f6z Ni\u015fan K\u0131na D\u00fc\u011f\u00fcn yard\u0131mc\u0131 \u00fcr\u00fcnleri<\/li>\n<li>Kendinden yap\u0131\u015fkanl\u0131 arka zemin.<\/li>\n<li>Farkl\u0131 \u015fekillerde \u00fcretimler.<\/li>\n<li>Sudan etkilenmeyen kal\u0131c\u0131 bask\u0131 sistemi <em>(g\u00f6rsellerin \u00fczerindeki bask\u0131lar\u0131n d\u0131\u015f\u0131nda bask\u0131 yap\u0131lmas\u0131 istenilirse bizlerle irtibata ge\u00e7ebilirsiniz. G\u00f6rsellerin kendi boyutlar\u0131na g\u00f6re uygun olarak bask\u0131lar\u0131 yap\u0131ld\u0131\u011f\u0131ndan bask\u0131 alan\u0131 de\u011fi\u015fkenlik g\u00f6sterecektir).<\/em><\/li>\n<\/ul>\n<p>[\/vc_column_text][\/vc_column][vc_column width=&#8221;1\/3&#8243;]\t\t\n\t\t<div id=\"wd-69e0123d1a007\" class=\"title-wrapper  woodmart-title-color-default woodmart-title-style-default woodmart-title-width-100 text-left woodmart-title-size-small vc_custom_1532165195756\">\n\t\t\t\t\t\t\n\t\t\t<div class=\"liner-continer\">\n\t\t\t\t<span class=\"left-line\"><\/span>\n\t\t\t\t<h4 class=\"woodmart-title-container title  woodmart-font-weight-\" ><strong>\u00d6L\u00c7\u00dcLER<\/strong><\/h4>\t\t\t\t\t\t\t\t<span class=\"right-line\"><\/span>\n\t\t\t<\/div>\n\t\t\t\n\t\t\t\t\t\t\n\t\t\t\t\t<\/div>\n\t\t\n\t\t[vc_column_text css=&#8221;.vc_custom_1617611220586{margin-bottom: 18px !important;}&#8221; text_larger=&#8221;no&#8221;]\u00d6l\u00e7\u00fcler: \u00dcr\u00fcn i\u00e7erisinde \u00f6zelli\u011fine g\u00f6re belirtilmi\u015ftir.<br \/>\nBask\u0131 alan\u0131: \u00dcr\u00fcne uygun olarak ayarlanmaktad\u0131r.[\/vc_column_text]\t\t\n\t\t<div id=\"wd-6069f8538c4aa\" class=\"title-wrapper  woodmart-title-color-default woodmart-title-style-default woodmart-title-width-100 text-left woodmart-title-size-small vc_custom_1617557598810\">\n\t\t\t\t\t\t\n\t\t\t<div class=\"liner-continer\">\n\t\t\t\t<span class=\"left-line\"><\/span>\n\t\t\t\t<h4 class=\"woodmart-title-container title  woodmart-font-weight-\" ><strong>KARGO B\u0130LG\u0130LER\u0130<\/strong><\/h4>\t\t\t\t\t\t\t\t<span class=\"right-line\"><\/span>\n\t\t\t<\/div>\n\t\t\t\n\t\t\t\t\t\t\n\t\t\t\t\t<\/div>\n\t\t\n\t\t[vc_column_text css=&#8221;.vc_custom_1617552953573{margin-bottom: 18px !important;}&#8221; text_larger=&#8221;no&#8221;]Bu \u00fcr\u00fcn en ge\u00e7 48 saat i\u00e7erisinde kargolanmaktad\u0131r.[\/vc_column_text]\t\t\n\t\t<div id=\"wd-69e0123d1a02f\" class=\"title-wrapper  woodmart-title-color-default woodmart-title-style-default woodmart-title-width-100 text-left woodmart-title-size-small vc_custom_1532165388869\">\n\t\t\t\t\t\t\n\t\t\t<div class=\"liner-continer\">\n\t\t\t\t<span class=\"left-line\"><\/span>\n\t\t\t\t<h4 class=\"woodmart-title-container title  woodmart-font-weight-\" ><strong>KULLANMA TAL\u0130MATI<\/strong><\/h4>\t\t\t\t\t\t\t\t<span class=\"right-line\"><\/span>\n\t\t\t<\/div>\n\t\t\t\n\t\t\t\t\t\t\n\t\t\t\t\t<\/div>\n\t\t\n\t\t[vc_column_text]\u00dcr\u00fcn ile birlikte size g\u00f6nderilen talimatlara uygun olarak kullanman\u0131z \u00f6nerilmektedir.[\/vc_column_text][\/vc_column][\/vc_row]<\/p>\n","protected":false},"excerpt":{"rendered":"<p>S\u00f6z Ni\u015fan K\u0131na D\u00fc\u011f\u00fcn afi\u015fi \u00e7e\u015fitlerimizin, kendinden yap\u0131\u015fkanl\u0131 ve sudan etkilenmeyen \u00f6zelli\u011fi mevcuttur. Kullan\u0131m alan\u0131n\u0131za g\u00f6re ister bir yere as\u0131n, isterseniz arkas\u0131ndaki koruyucu ka\u011f\u0131d\u0131 \u00e7\u0131kararak yap\u0131\u015fkanl\u0131 bir etikete d\u00f6n\u00fc\u015ft\u00fcr\u00fcn. Yap\u0131\u015ft\u0131r\u0131lacak zeminin \u0131slak veya kuru olmas\u0131 \u00f6nemli de\u011fildir, \u00e7\u00fcnk\u00fc afi\u015flerimiz d\u0131\u015f ortamlardan (ya\u011fmur, kar, \u00e7amur, v.b durumlardan) etkilenmez, her ortamda kullan\u0131labilir. Mat yap\u0131s\u0131 sayesinde \u015f\u0131k bir g\u00f6r\u00fcnt\u00fcs\u00fc vard\u0131r. \u00dcr\u00fcn harici, kendi haz\u0131rlam\u0131\u015f oldu\u011funuz tasar\u0131mlar\u0131n \u00e7\u0131kt\u0131s\u0131n\u0131 almak i\u00e7inde bizlerle ileti\u015fime ge\u00e7ebilirsiniz.<\/p>\n","protected":false},"featured_media":13747,"comment_status":"open","ping_status":"closed","template":"","meta":[],"product_brand":[],"product_cat":[670,788],"product_tag":[791,792,793,790],"class_list":{"0":"post-13744","1":"product","2":"type-product","3":"status-publish","4":"has-post-thumbnail","6":"product_cat-ozel-gun-urunleri","7":"product_cat-soz-nisan-afisleri","8":"product_tag-dugun-afisi","9":"product_tag-kina-afisi","10":"product_tag-nisan-afisi","11":"product_tag-soz-afisi","13":"first","14":"instock","15":"shipping-taxable","16":"purchasable","17":"product-type-variable"},"aioseo_notices":[],"_links":{"self":[{"href":"https:\/\/sadecesanaozel.com.tr\/index.php\/wp-json\/wp\/v2\/product\/13744","targetHints":{"allow":["GET"]}}],"collection":[{"href":"https:\/\/sadecesanaozel.com.tr\/index.php\/wp-json\/wp\/v2\/product"}],"about":[{"href":"https:\/\/sadecesanaozel.com.tr\/index.php\/wp-json\/wp\/v2\/types\/product"}],"replies":[{"embeddable":true,"href":"https:\/\/sadecesanaozel.com.tr\/index.php\/wp-json\/wp\/v2\/comments?post=13744"}],"wp:featuredmedia":[{"embeddable":true,"href":"https:\/\/sadecesanaozel.com.tr\/index.php\/wp-json\/wp\/v2\/media\/13747"}],"wp:attachment":[{"href":"https:\/\/sadecesanaozel.com.tr\/index.php\/wp-json\/wp\/v2\/media?parent=13744"}],"wp:term":[{"taxonomy":"product_brand","embeddable":true,"href":"https:\/\/sadecesanaozel.com.tr\/index.php\/wp-json\/wp\/v2\/product_brand?post=13744"},{"taxonomy":"product_cat","embeddable":true,"href":"https:\/\/sadecesanaozel.com.tr\/index.php\/wp-json\/wp\/v2\/product_cat?post=13744"},{"taxonomy":"product_tag","embeddable":true,"href":"https:\/\/sadecesanaozel.com.tr\/index.php\/wp-json\/wp\/v2\/product_tag?post=13744"}],"curies":[{"name":"wp","href":"https:\/\/api.w.org\/{rel}","templated":true}]}}