{"id":13974,"date":"2021-06-21T13:16:30","date_gmt":"2021-06-21T10:16:30","guid":{"rendered":"https:\/\/sadecesanaozel.com.tr\/?post_type=product&#038;p=13974"},"modified":"2026-03-24T15:16:26","modified_gmt":"2026-03-24T12:16:26","slug":"kisiye-ozel-tisort-hediyelik-baskili-tshirt-bay-bayan-cocuk-tisort-unisex-tarz-harf-tisortler-red-line","status":"publish","type":"product","link":"https:\/\/sadecesanaozel.com.tr\/index.php\/urun\/kisiye-ozel-tisort-hediyelik-baskili-tshirt-bay-bayan-cocuk-tisort-unisex-tarz-harf-tisortler-red-line\/","title":{"rendered":"Red Line Ti\u015f\u00f6rt"},"content":{"rendered":"<p>[vc_row][vc_column width=&#8221;1\/3&#8243;]\t\t\n\t\t<div id=\"wd-69e01fe812efb\" class=\"title-wrapper  woodmart-title-color-default woodmart-title-style-default woodmart-title-width-100 text-left woodmart-title-size-small vc_custom_1544613881400\">\n\t\t\t\t\t\t\n\t\t\t<div class=\"liner-continer\">\n\t\t\t\t<span class=\"left-line\"><\/span>\n\t\t\t\t<h4 class=\"woodmart-title-container title  woodmart-font-weight-\" ><strong>TARZINA \u00d6ZEL T\u0130\u015e\u00d6RT<\/strong><\/h4>\t\t\t\t\t\t\t\t<span class=\"right-line\"><\/span>\n\t\t\t<\/div>\n\t\t\t\n\t\t\t\t\t\t\n\t\t\t\t\t<\/div>\n\t\t\n\t\t[vc_column_text text_larger=&#8221;no&#8221;]<img loading=\"lazy\" decoding=\"async\" class=\" wp-image-3101 alignleft\" style=\"margin-right: 10px; margin-top: 2px;\" src=\"https:\/\/sadecesanaozel.com.tr\/wp-content\/uploads\/2018\/07\/sadece-sana-\u00f6zel-bay-bayan-ti\u015f\u00f6rt-\u00fcr\u00fcnleri.png\" alt=\"\" width=\"120\" height=\"88\" \/>Sizlerin \u00f6zg\u00fc se\u00e7imine sunulmu\u015f olan ti\u015f\u00f6rtlerimiz ter tutmayan \u00f6zel pamuklu mikrohijyen dokulu kuma\u015f\u0131 sayesinde mikrop bar\u0131nd\u0131rmaz, terletmez ve bedeninizde rahat bir duru\u015f sa\u011flar. Ti\u015f\u00f6rtlerimizden be\u011fendi\u011finiz modeli \u00fcr\u00fcn i\u00e7inde belirtilmemi\u015f ise bizlere ula\u015farak, V yaka, ve 0 yaka \u00e7ocuk bedenleri olarak da sat\u0131n alabilirsiniz. \u0130ster kendiniz i\u00e7in ister hediye olarak da sevdiklerinize g\u00f6nderebilirsiniz.<\/p>\n<p>\u00dcr\u00fcn ile ilgili sorular\u0131n\u0131z i\u00e7in m\u00fc\u015fteri temsilcilerimizden destek alabilirsiniz. \u0130yi g\u00fcnlerde kullanman\u0131z dile\u011fi ile iyi al\u0131\u015fveri\u015fler dileriz.[\/vc_column_text][\/vc_column][vc_column width=&#8221;1\/3&#8243;]\t\t\n\t\t<div id=\"wd-69e01fe812f50\" class=\"title-wrapper  woodmart-title-color-default woodmart-title-style-default woodmart-title-width-100 text-left woodmart-title-size-small vc_custom_1532165181111\">\n\t\t\t\t\t\t\n\t\t\t<div class=\"liner-continer\">\n\t\t\t\t<span class=\"left-line\"><\/span>\n\t\t\t\t<h4 class=\"woodmart-title-container title  woodmart-font-weight-\" ><strong>\u00d6ZELL\u0130KLER<\/strong><\/h4>\t\t\t\t\t\t\t\t<span class=\"right-line\"><\/span>\n\t\t\t<\/div>\n\t\t\t\n\t\t\t\t\t\t\n\t\t\t\t\t<\/div>\n\t\t\n\t\t[vc_column_text text_larger=&#8221;no&#8221;]Pamuklu ve Mikrohijyen \u00f6zel dokusuyla 30 derecede ters olarak makinede y\u0131kanabilen ti\u015f\u00f6rtlerimiz hediyelik ve \u015fahsi kullan\u0131mlar a\u00e7\u0131s\u0131ndan \u015f\u0131k ve exclusive bir \u00fcr\u00fcn olup g\u00fcvenle kullanabilirsiniz. \u00dcr\u00fcne ili\u015fkin baz\u0131 bilgiler burada yer almaktad\u0131r.<\/p>\n<ul class=\"unordered-list\">\n<li>Pamuk+Mikrohijyen Kuma\u015f<\/li>\n<li>Yeti\u015fkin ve \u00c7ocuk Bedenleri<\/li>\n<li>O yaka, V yaka, \u00c7ocuk ti\u015f\u00f6rt\u00fc se\u00e7enekleri<\/li>\n<li>29 cm&#8217;lik Bask\u0131 Alan\u0131 <em>(g\u00f6rsellerin ti\u015f\u00f6rt \u00fczerinde ki bask\u0131 alan\u0131n\u0131n azami \u00f6l\u00e7\u00fcs\u00fcd\u00fcr. XS-M gibi k\u00fc\u00e7\u00fck bedenlerde ti\u015f\u00f6rt \u00f6l\u00e7\u00fcs\u00fcne uygun olarak bask\u0131lar\u0131 yap\u0131ld\u0131\u011f\u0131ndan bask\u0131 alan\u0131 de\u011fi\u015fkenlik g\u00f6sterecektir).<\/em><\/li>\n<\/ul>\n<p>[\/vc_column_text][\/vc_column][vc_column width=&#8221;1\/3&#8243;]\t\t\n\t\t<div id=\"wd-69e01fe812f63\" class=\"title-wrapper  woodmart-title-color-default woodmart-title-style-default woodmart-title-width-100 text-left woodmart-title-size-small vc_custom_1532165195756\">\n\t\t\t\t\t\t\n\t\t\t<div class=\"liner-continer\">\n\t\t\t\t<span class=\"left-line\"><\/span>\n\t\t\t\t<h4 class=\"woodmart-title-container title  woodmart-font-weight-\" ><strong>\u00d6L\u00c7\u00dcLER<\/strong><\/h4>\t\t\t\t\t\t\t\t<span class=\"right-line\"><\/span>\n\t\t\t<\/div>\n\t\t\t\n\t\t\t\t\t\t\n\t\t\t\t\t<\/div>\n\t\t\n\t\t[vc_column_text css=&#8221;.vc_custom_1553936045880{margin-bottom: 18px !important;}&#8221;]Bedenler: Beden tablosundan g\u00f6r\u00fcnt\u00fcleyebilirsiniz,<br \/>\nBask\u0131 alan\u0131: Bedene uygun olarak ayarlanmaktad\u0131r.[\/vc_column_text]\t\t\n\t\t<div id=\"wd-69e01fe812f71\" class=\"title-wrapper  woodmart-title-color-default woodmart-title-style-default woodmart-title-width-100 text-left woodmart-title-size-small vc_custom_1544190687600\">\n\t\t\t\t\t\t\n\t\t\t<div class=\"liner-continer\">\n\t\t\t\t<span class=\"left-line\"><\/span>\n\t\t\t\t<h4 class=\"woodmart-title-container title  woodmart-font-weight-\" ><strong>AYNI G\u00dcN KARGO<\/strong><\/h4>\t\t\t\t\t\t\t\t<span class=\"right-line\"><\/span>\n\t\t\t<\/div>\n\t\t\t\n\t\t\t\t\t\t\n\t\t\t\t\t<\/div>\n\t\t\n\t\t[vc_column_text css=&#8221;.vc_custom_1544190721004{margin-bottom: 18px !important;}&#8221;]Bu \u00fcr\u00fcn i\u00e7in saat 12:00\u2019ye kadar verilen sipari\u015fler ayn\u0131 g\u00fcn kargoda.[\/vc_column_text]\t\t\n\t\t<div id=\"wd-69e01fe812f7e\" class=\"title-wrapper  woodmart-title-color-default woodmart-title-style-default woodmart-title-width-100 text-left woodmart-title-size-small vc_custom_1532165388869\">\n\t\t\t\t\t\t\n\t\t\t<div class=\"liner-continer\">\n\t\t\t\t<span class=\"left-line\"><\/span>\n\t\t\t\t<h4 class=\"woodmart-title-container title  woodmart-font-weight-\" ><strong>KULLANMA TAL\u0130MATI<\/strong><\/h4>\t\t\t\t\t\t\t\t<span class=\"right-line\"><\/span>\n\t\t\t<\/div>\n\t\t\t\n\t\t\t\t\t\t\n\t\t\t\t\t<\/div>\n\t\t\n\t\t[vc_column_text]\u00dcr\u00fcn ile birlikte size g\u00f6nderilen talimatlara uygun olarak kullanman\u0131z \u00f6nerilmektedir.[\/vc_column_text][\/vc_column][\/vc_row]<\/p>\n","protected":false},"excerpt":{"rendered":"<p>Kar\u0131\u015f\u0131k harflerden olu\u015fan Red Line isimli ti\u015f\u00f6rt\u00fcm\u00fcz\u00fc t\u00fcm k\u0131yafetlerinizle kombin edebilir ve farkl\u0131 bir tarz olu\u015fturabilirsiniz. Ti\u015f\u00f6rtlerimiz ter tutmayan \u00f6zel pamuklu ve mikrohijyen dokulu kuma\u015f\u0131 sayesinde mikrop bar\u0131nd\u0131rmaz, terletmez ve bedeninizde rahat bir duru\u015f sa\u011flar. Do\u011frudan kuma\u015f \u00fczerine uygulanan kal\u0131c\u0131 bask\u0131 tekni\u011fi ile sizlere uzun s\u00fcreli kullan\u0131m imkan\u0131 sunar. Yeti\u015fkin ve \u00e7ocuk bedenlere sahip olan \u00f6zel tasar\u0131m ti\u015f\u00f6rtlerimizle, ister kendi tarz\u0131n\u0131z\u0131, ister anne, baba, \u00e7ocuk kombini veya sevgili kombini yapabilirsiniz.<\/p>\n","protected":false},"featured_media":13988,"comment_status":"open","ping_status":"closed","template":"","meta":[],"product_brand":[],"product_cat":[105,100,95,41,106],"product_tag":[228,794,795],"class_list":{"0":"post-13974","1":"product","2":"type-product","3":"status-publish","4":"has-post-thumbnail","6":"product_cat-cocuk-tisort","7":"product_cat-erkek-tisort","8":"product_cat-kadin-tisort","9":"product_cat-kisiye-ozel-baskili-tisort","10":"product_cat-bay-bayan-unisex-tisort","11":"product_tag-baskili-tisort","12":"product_tag-karisik-harf-tisort","13":"product_tag-tarz-tisort","15":"first","16":"instock","17":"shipping-taxable","18":"purchasable","19":"product-type-variable"},"aioseo_notices":[],"_links":{"self":[{"href":"https:\/\/sadecesanaozel.com.tr\/index.php\/wp-json\/wp\/v2\/product\/13974","targetHints":{"allow":["GET"]}}],"collection":[{"href":"https:\/\/sadecesanaozel.com.tr\/index.php\/wp-json\/wp\/v2\/product"}],"about":[{"href":"https:\/\/sadecesanaozel.com.tr\/index.php\/wp-json\/wp\/v2\/types\/product"}],"replies":[{"embeddable":true,"href":"https:\/\/sadecesanaozel.com.tr\/index.php\/wp-json\/wp\/v2\/comments?post=13974"}],"wp:featuredmedia":[{"embeddable":true,"href":"https:\/\/sadecesanaozel.com.tr\/index.php\/wp-json\/wp\/v2\/media\/13988"}],"wp:attachment":[{"href":"https:\/\/sadecesanaozel.com.tr\/index.php\/wp-json\/wp\/v2\/media?parent=13974"}],"wp:term":[{"taxonomy":"product_brand","embeddable":true,"href":"https:\/\/sadecesanaozel.com.tr\/index.php\/wp-json\/wp\/v2\/product_brand?post=13974"},{"taxonomy":"product_cat","embeddable":true,"href":"https:\/\/sadecesanaozel.com.tr\/index.php\/wp-json\/wp\/v2\/product_cat?post=13974"},{"taxonomy":"product_tag","embeddable":true,"href":"https:\/\/sadecesanaozel.com.tr\/index.php\/wp-json\/wp\/v2\/product_tag?post=13974"}],"curies":[{"name":"wp","href":"https:\/\/api.w.org\/{rel}","templated":true}]}}