{"id":15163,"date":"2021-10-31T11:39:51","date_gmt":"2021-10-31T08:39:51","guid":{"rendered":"https:\/\/sadecesanaozel.com.tr\/?post_type=product&#038;p=15163"},"modified":"2026-03-23T20:39:21","modified_gmt":"2026-03-23T17:39:21","slug":"kisiye-ozel-cocuk-odasi-sticker-duvar-etiketi-yapiskanli-cocuk-odasi-boy-olcum-sticker-deniz-feneri","status":"publish","type":"product","link":"https:\/\/sadecesanaozel.com.tr\/index.php\/urun\/kisiye-ozel-cocuk-odasi-sticker-duvar-etiketi-yapiskanli-cocuk-odasi-boy-olcum-sticker-deniz-feneri\/","title":{"rendered":"Boy \u00d6l\u00e7\u00fcm Cetveli Sticker No:1"},"content":{"rendered":"<p>[vc_row][vc_column width=&#8221;1\/3&#8243;]\t\t\n\t\t<div id=\"wd-69ed8ecc65fba\" class=\"title-wrapper  woodmart-title-color-default woodmart-title-style-default woodmart-title-width-100 text-left woodmart-title-size-small vc_custom_1564053392499\">\n\t\t\t\t\t\t\n\t\t\t<div class=\"liner-continer\">\n\t\t\t\t<span class=\"left-line\"><\/span>\n\t\t\t\t<h4 class=\"woodmart-title-container title  woodmart-font-weight-\" ><strong>KAPLAMA FOLYOSU<\/strong><\/h4>\t\t\t\t\t\t\t\t<span class=\"right-line\"><\/span>\n\t\t\t<\/div>\n\t\t\t\n\t\t\t\t\t\t\n\t\t\t\t\t<\/div>\n\t\t\n\t\t[vc_column_text text_larger=&#8221;no&#8221;]<img loading=\"lazy\" decoding=\"async\" class=\" wp-image-3101 alignleft\" style=\"margin-right: 10px; margin-top: 2px;\" src=\"https:\/\/sadecesanaozel.com.tr\/wp-content\/uploads\/2021\/10\/sticker_logo.png\" alt=\"\" width=\"120\" height=\"88\" \/>Sizler i\u00e7in \u00f6zel olarak tasarlanm\u0131\u015f sticker \u00e7e\u015fitlerimiz, kendinden yap\u0131\u015fkanl\u0131 \u00f6zelli\u011fi sayesinde do\u011frudan kullanaca\u011f\u0131n\u0131z alana uygulayabilirsiniz. Defterlerinizi, bilgisayar\u0131n\u0131z\u0131, beyaz e\u015fyalar\u0131n\u0131z\u0131, mobilyalar\u0131n\u0131z\u0131, duvarlar\u0131n\u0131z\u0131, kap\u0131lar\u0131n\u0131z\u0131, mutfak dolaplar\u0131n\u0131z\u0131, fayanslar\u0131n\u0131z\u0131 ve bir \u00e7ok e\u015fyalar\u0131n\u0131z\u0131 kaplayabilirsiniz. Etiketlerimiz sudan etkilenmeyen silinebilir \u00f6zelli\u011fi uzun \u00f6m\u00fcrl\u00fc kullan\u0131m sa\u011flar.[\/vc_column_text][\/vc_column][vc_column width=&#8221;1\/3&#8243;]\t\t\n\t\t<div id=\"wd-69ed8ecc65fe5\" class=\"title-wrapper  woodmart-title-color-default woodmart-title-style-default woodmart-title-width-100 text-left woodmart-title-size-small vc_custom_1532165181111\">\n\t\t\t\t\t\t\n\t\t\t<div class=\"liner-continer\">\n\t\t\t\t<span class=\"left-line\"><\/span>\n\t\t\t\t<h4 class=\"woodmart-title-container title  woodmart-font-weight-\" ><strong>\u00d6ZELL\u0130KLER<\/strong><\/h4>\t\t\t\t\t\t\t\t<span class=\"right-line\"><\/span>\n\t\t\t<\/div>\n\t\t\t\n\t\t\t\t\t\t\n\t\t\t\t\t<\/div>\n\t\t\n\t\t[vc_column_text text_larger=&#8221;no&#8221;]\u00d6zel olarak tasarlanm\u0131\u015f g\u00f6rsellere sahip olan etiketlerimiz kendinden yap\u0131\u015fkanl\u0131 \u00f6zelli\u011fi ile mat ve parlak olarak iki \u00e7e\u015fitte sizlere sunulmaktad\u0131r. Sudan etkilenmeyen silinebilir \u00f6zelli\u011fi ile evinize i\u015f yerinize \u00f6zel ve farkl\u0131 bir hava katabilirsiniz.<\/p>\n<ul class=\"unordered-list\">\n<li>Su ile temas\u0131 uygundur.<\/li>\n<li>Nemli bez ile silinebilir<\/li>\n<li>Kendinden yap\u0131\u015fkanl\u0131 \u00f6zelli\u011fi mevcuttur<\/li>\n<li>Uygulama sonras\u0131 <em>(24 saat herhangi bir i\u015flem yapmay\u0131n\u0131z. Su ile temas\u0131 uygundur ancak silme i\u015fleminde sulu nemli bez kullan\u0131n\u0131z. Herhangi temizlik \u00fcr\u00fcn kullanmay\u0131n\u0131z ve a\u015f\u0131r\u0131 kuvvet uygulayarak silmeyiniz).<\/em><\/li>\n<\/ul>\n<p>[\/vc_column_text][\/vc_column][vc_column width=&#8221;1\/3&#8243;]\t\t\n\t\t<div id=\"wd-69ed8ecc65ff6\" class=\"title-wrapper  woodmart-title-color-default woodmart-title-style-default woodmart-title-width-100 text-left woodmart-title-size-small vc_custom_1532165195756\">\n\t\t\t\t\t\t\n\t\t\t<div class=\"liner-continer\">\n\t\t\t\t<span class=\"left-line\"><\/span>\n\t\t\t\t<h4 class=\"woodmart-title-container title  woodmart-font-weight-\" ><strong>\u00d6L\u00c7\u00dcLER<\/strong><\/h4>\t\t\t\t\t\t\t\t<span class=\"right-line\"><\/span>\n\t\t\t<\/div>\n\t\t\t\n\t\t\t\t\t\t\n\t\t\t\t\t<\/div>\n\t\t\n\t\t[vc_column_text css=&#8221;.vc_custom_1634592213435{margin-bottom: 18px !important;}&#8221; text_larger=&#8221;no&#8221;]\u00d6l\u00e7\u00fcler: \u00dcr\u00fcn a\u00e7\u0131klamas\u0131nda belirtilmi\u015ftir.<br \/>\nEtiket \u00e7e\u015fidi: Kendinden yap\u0131\u015fkanl\u0131 mat veya parlak.[\/vc_column_text]\t\t\n\t\t<div id=\"wd-69ed8ecc6603d\" class=\"title-wrapper  woodmart-title-color-default woodmart-title-style-default woodmart-title-width-100 text-left woodmart-title-size-small vc_custom_1564051852126\">\n\t\t\t\t\t\t\n\t\t\t<div class=\"liner-continer\">\n\t\t\t\t<span class=\"left-line\"><\/span>\n\t\t\t\t<h4 class=\"woodmart-title-container title  woodmart-font-weight-\" ><strong>KARGO S\u00dcRES\u0130<\/strong><\/h4>\t\t\t\t\t\t\t\t<span class=\"right-line\"><\/span>\n\t\t\t<\/div>\n\t\t\t\n\t\t\t\t\t\t\n\t\t\t\t\t<\/div>\n\t\t\n\t\t[vc_column_text css=&#8221;.vc_custom_1634592285622{margin-bottom: 18px !important;}&#8221; text_larger=&#8221;no&#8221;]Bu \u00fcr\u00fcn max. 48 saat i\u00e7erisinde kargoya verilmektedir.[\/vc_column_text]\t\t\n\t\t<div id=\"wd-69ed8ecc66072\" class=\"title-wrapper  woodmart-title-color-default woodmart-title-style-default woodmart-title-width-100 text-left woodmart-title-size-small vc_custom_1532165388869\">\n\t\t\t\t\t\t\n\t\t\t<div class=\"liner-continer\">\n\t\t\t\t<span class=\"left-line\"><\/span>\n\t\t\t\t<h4 class=\"woodmart-title-container title  woodmart-font-weight-\" ><strong>KULLANMA TAL\u0130MATI<\/strong><\/h4>\t\t\t\t\t\t\t\t<span class=\"right-line\"><\/span>\n\t\t\t<\/div>\n\t\t\t\n\t\t\t\t\t\t\n\t\t\t\t\t<\/div>\n\t\t\n\t\t[vc_column_text]\u00dcr\u00fcn ile birlikte size g\u00f6nderilen talimatlara uygun olarak kullanman\u0131z \u00f6nerilmektedir.[\/vc_column_text][\/vc_column][\/vc_row]<\/p>\n","protected":false},"excerpt":{"rendered":"<p>Deniz feneri temal\u0131 \u00e7ocuk odas\u0131 boy \u00f6l\u00e7\u00fcm cetveli duvar etiketimiz <em><strong>115cmx156cm<\/strong><\/em> \u00f6l\u00e7\u00fclerindedir. Mat ve \u015f\u0131k yap\u0131s\u0131yla \u00f6zel olarak tasarlanm\u0131\u015f boy \u00f6l\u00e7er sticker \u00e7e\u015fitlerimiz, kendinden yap\u0131\u015fkanl\u0131 ve sudan etkilenmeyen \u00f6zelli\u011fi sayesinde, duvarlar\u0131n\u0131zda ho\u015f bir dekoratif g\u00f6r\u00fcnt\u00fc sa\u011flar. Uygulama ile ilgili t\u00fcm sorular\u0131n\u0131z i\u00e7in bizlerden destek alabilir, \u00f6zel sipari\u015fleriniz i\u00e7in whatsapp \u00fczerinden ileti\u015fime ge\u00e7ebilirsiniz.<\/p>\n","protected":false},"featured_media":15164,"comment_status":"open","ping_status":"closed","template":"","meta":[],"product_brand":[],"product_cat":[946],"product_tag":[951,949,948,950,947,952,930],"class_list":{"0":"post-15163","1":"product","2":"type-product","3":"status-publish","4":"has-post-thumbnail","6":"product_cat-duvar-sticker","7":"product_tag-boy-cetveli","8":"product_tag-boy-olcer-sticker","9":"product_tag-boy-olcum-tablosu","10":"product_tag-cocuk-boy-olcme-cetveli","11":"product_tag-cocuk-odasi-boy-olcum-cetveli","12":"product_tag-duvar-boy-cetveli","13":"product_tag-sudan-etkilenmeyen-sticker","15":"first","16":"instock","17":"shipping-taxable","18":"purchasable","19":"product-type-simple"},"aioseo_notices":[],"_links":{"self":[{"href":"https:\/\/sadecesanaozel.com.tr\/index.php\/wp-json\/wp\/v2\/product\/15163","targetHints":{"allow":["GET"]}}],"collection":[{"href":"https:\/\/sadecesanaozel.com.tr\/index.php\/wp-json\/wp\/v2\/product"}],"about":[{"href":"https:\/\/sadecesanaozel.com.tr\/index.php\/wp-json\/wp\/v2\/types\/product"}],"replies":[{"embeddable":true,"href":"https:\/\/sadecesanaozel.com.tr\/index.php\/wp-json\/wp\/v2\/comments?post=15163"}],"wp:featuredmedia":[{"embeddable":true,"href":"https:\/\/sadecesanaozel.com.tr\/index.php\/wp-json\/wp\/v2\/media\/15164"}],"wp:attachment":[{"href":"https:\/\/sadecesanaozel.com.tr\/index.php\/wp-json\/wp\/v2\/media?parent=15163"}],"wp:term":[{"taxonomy":"product_brand","embeddable":true,"href":"https:\/\/sadecesanaozel.com.tr\/index.php\/wp-json\/wp\/v2\/product_brand?post=15163"},{"taxonomy":"product_cat","embeddable":true,"href":"https:\/\/sadecesanaozel.com.tr\/index.php\/wp-json\/wp\/v2\/product_cat?post=15163"},{"taxonomy":"product_tag","embeddable":true,"href":"https:\/\/sadecesanaozel.com.tr\/index.php\/wp-json\/wp\/v2\/product_tag?post=15163"}],"curies":[{"name":"wp","href":"https:\/\/api.w.org\/{rel}","templated":true}]}}