{"id":16660,"date":"2022-01-10T13:24:40","date_gmt":"2022-01-10T10:24:40","guid":{"rendered":"https:\/\/sadecesanaozel.com.tr\/?post_type=product&#038;p=16660"},"modified":"2024-05-29T16:52:36","modified_gmt":"2024-05-29T13:52:36","slug":"kisiye-ozel-fotograf-baskili-buzdolabi-miknatisi-su-yesili-baby-shower-kisiye-ozel-dogum-gunu-magneti","status":"publish","type":"product","link":"https:\/\/sadecesanaozel.com.tr\/index.php\/urun\/kisiye-ozel-fotograf-baskili-buzdolabi-miknatisi-su-yesili-baby-shower-kisiye-ozel-dogum-gunu-magneti\/","title":{"rendered":"Do\u011fum G\u00fcn\u00fc Magneti No:5"},"content":{"rendered":"<p>[vc_row][vc_column width=&#8221;1\/3&#8243;]\t\t\n\t\t<div id=\"wd-606ac8b871e27\" class=\"title-wrapper  woodmart-title-color-default woodmart-title-style-default woodmart-title-width-100 text-left woodmart-title-size-small vc_custom_1617610949662\">\n\t\t\t\t\t\t\n\t\t\t<div class=\"liner-continer\">\n\t\t\t\t<span class=\"left-line\"><\/span>\n\t\t\t\t<h4 class=\"woodmart-title-container title  woodmart-font-weight-\" ><strong>\u00d6ZEL G\u00dcN \u00dcR\u00dcNLER\u0130<\/strong><\/h4>\t\t\t\t\t\t\t\t<span class=\"right-line\"><\/span>\n\t\t\t<\/div>\n\t\t\t\n\t\t\t\t\t\t\n\t\t\t\t\t<\/div>\n\t\t\n\t\t[vc_column_text text_larger=&#8221;no&#8221;]<img loading=\"lazy\" decoding=\"async\" class=\" wp-image-3101 alignleft\" style=\"margin-right: 10px; margin-top: 2px;\" src=\"https:\/\/sadecesanaozel.com.tr\/wp-content\/uploads\/2018\/07\/sadece-sana-\u00f6zel-ki\u015fiye-\u00f6zel-\u00f6zel-g\u00fcn-\u00fcr\u00fcnleri.png\" alt=\"\" width=\"120\" height=\"88\" \/>Sizlerin \u00f6zg\u00fc se\u00e7imine sunulmu\u015f olan ki\u015fiselle\u015ftirilebilir \u00f6zel g\u00fcn \u00fcr\u00fcnlerimizi ihtiya\u00e7lar\u0131n\u0131z do\u011frultusunda sitemizden temin edebilirsiniz. S\u00f6z, Ni\u015fan, D\u00fc\u011f\u00fcn, Do\u011fum G\u00fcn\u00fc, Y\u0131l D\u00f6n\u00fcm\u00fc v.b. \u00f6zel g\u00fcnleriniz i\u00e7in tasarlad\u0131\u011f\u0131m\u0131z \u00fcr\u00fcnlerimiz ile hayat\u0131n\u0131z\u0131 renklendirebilirsiniz. \u00dcr\u00fcnlerimizden be\u011fendi\u011finiz modeli \u00fcr\u00fcn i\u00e7inde belirtilmi\u015f ise kendi iste\u011finize g\u00f6re \u00f6zelle\u015ftirerek sat\u0131n alabilirsiniz. \u0130ster kendiniz i\u00e7in ister hediye olarak da sevdiklerinize g\u00f6nderebilirsiniz.<\/p>\n<p>\u00dcr\u00fcn ile ilgili sorular\u0131n\u0131z i\u00e7in m\u00fc\u015fteri temsilcilerimizden destek alabilirsiniz. \u0130yi g\u00fcnlerde kullanman\u0131z dile\u011fi ile iyi al\u0131\u015fveri\u015fler dileriz.[\/vc_column_text][\/vc_column][vc_column width=&#8221;1\/3&#8243;]\t\t\n\t\t<div id=\"wd-69e2ffdc656d6\" class=\"title-wrapper  woodmart-title-color-default woodmart-title-style-default woodmart-title-width-100 text-left woodmart-title-size-small vc_custom_1532165181111\">\n\t\t\t\t\t\t\n\t\t\t<div class=\"liner-continer\">\n\t\t\t\t<span class=\"left-line\"><\/span>\n\t\t\t\t<h4 class=\"woodmart-title-container title  woodmart-font-weight-\" ><strong>\u00d6ZELL\u0130KLER<\/strong><\/h4>\t\t\t\t\t\t\t\t<span class=\"right-line\"><\/span>\n\t\t\t<\/div>\n\t\t\t\n\t\t\t\t\t\t\n\t\t\t\t\t<\/div>\n\t\t\n\t\t[vc_column_text text_larger=&#8221;no&#8221;]Sitemizden alaca\u011f\u0131n\u0131z \u00fcr\u00fcnler hakk\u0131nda kullan\u0131m bilgileri \u00fcr\u00fcn sayfas\u0131nda veya paket i\u00e7erisinde belirtilmektedir. \u00d6zel g\u00fcn \u00fcr\u00fcnlerimiz sizlerin ihtiya\u00e7lar\u0131 d\u00fc\u015f\u00fcn\u00fclerek olu\u015fturulmu\u015ftur. Magnetlerimiz kendinden m\u0131knat\u0131sl\u0131 olup g\u00fcvenle kullanabilirsiniz. \u00dcr\u00fcne ili\u015fkin baz\u0131 bilgiler burada yer almaktad\u0131r.<\/p>\n<ul class=\"unordered-list\">\n<li>Do\u011fum g\u00fcn\u00fc magnetleri<\/li>\n<li>Ya\u015f g\u00fcn\u00fc buzdolab\u0131 magnetleri.<\/li>\n<li>Foto\u011fraf bask\u0131l\u0131 magnet \u00e7e\u015fitleri.<\/li>\n<li>Kendinden m\u0131knat\u0131sl\u0131 magnet \u00e7e\u015fitleri<\/li>\n<li>\u00d6zel \u00f6l\u00e7\u00fc \u00f6zel tasar\u0131m magnetler<\/li>\n<\/ul>\n<p>[\/vc_column_text][\/vc_column][vc_column width=&#8221;1\/3&#8243;]\t\t\n\t\t<div id=\"wd-69e2ffdc656eb\" class=\"title-wrapper  woodmart-title-color-default woodmart-title-style-default woodmart-title-width-100 text-left woodmart-title-size-small vc_custom_1532165195756\">\n\t\t\t\t\t\t\n\t\t\t<div class=\"liner-continer\">\n\t\t\t\t<span class=\"left-line\"><\/span>\n\t\t\t\t<h4 class=\"woodmart-title-container title  woodmart-font-weight-\" ><strong>\u00d6L\u00c7\u00dcLER<\/strong><\/h4>\t\t\t\t\t\t\t\t<span class=\"right-line\"><\/span>\n\t\t\t<\/div>\n\t\t\t\n\t\t\t\t\t\t\n\t\t\t\t\t<\/div>\n\t\t\n\t\t[vc_column_text css=&#8221;.vc_custom_1641805786319{margin-bottom: 18px !important;}&#8221; text_larger=&#8221;no&#8221;]\u00d6l\u00e7\u00fcler:<br \/>\n6x6cm (40l\u0131 paket)<br \/>\n8x8cm (24l\u00fc paket).[\/vc_column_text]\t\t\n\t\t<div id=\"wd-6069f8538c4aa\" class=\"title-wrapper  woodmart-title-color-default woodmart-title-style-default woodmart-title-width-100 text-left woodmart-title-size-small vc_custom_1617557598810\">\n\t\t\t\t\t\t\n\t\t\t<div class=\"liner-continer\">\n\t\t\t\t<span class=\"left-line\"><\/span>\n\t\t\t\t<h4 class=\"woodmart-title-container title  woodmart-font-weight-\" ><strong>KARGO B\u0130LG\u0130LER\u0130<\/strong><\/h4>\t\t\t\t\t\t\t\t<span class=\"right-line\"><\/span>\n\t\t\t<\/div>\n\t\t\t\n\t\t\t\t\t\t\n\t\t\t\t\t<\/div>\n\t\t\n\t\t[vc_column_text css=&#8221;.vc_custom_1617552953573{margin-bottom: 18px !important;}&#8221; text_larger=&#8221;no&#8221;]Bu \u00fcr\u00fcn en ge\u00e7 48 saat i\u00e7erisinde kargolanmaktad\u0131r.[\/vc_column_text]\t\t\n\t\t<div id=\"wd-69e2ffdc6570b\" class=\"title-wrapper  woodmart-title-color-default woodmart-title-style-default woodmart-title-width-100 text-left woodmart-title-size-small vc_custom_1532165388869\">\n\t\t\t\t\t\t\n\t\t\t<div class=\"liner-continer\">\n\t\t\t\t<span class=\"left-line\"><\/span>\n\t\t\t\t<h4 class=\"woodmart-title-container title  woodmart-font-weight-\" ><strong>KULLANMA TAL\u0130MATI<\/strong><\/h4>\t\t\t\t\t\t\t\t<span class=\"right-line\"><\/span>\n\t\t\t<\/div>\n\t\t\t\n\t\t\t\t\t\t\n\t\t\t\t\t<\/div>\n\t\t\n\t\t[vc_column_text]\u00dcr\u00fcn ile birlikte size g\u00f6nderilen talimatlara uygun olarak kullanman\u0131z \u00f6nerilmektedir.[\/vc_column_text][\/vc_column][\/vc_row]<\/p>\n","protected":false},"excerpt":{"rendered":"<p>Ya\u015f g\u00fcn\u00fc temal\u0131 buzdolab\u0131 magnet \u00e7e\u015fitlerimiz iste\u011fe ba\u011fl\u0131 <span style=\"color: #000000;\"><b><i>6x6cm (40l\u0131 paket) ve 8x8cm (24l\u00fc paket)<\/i><\/b><\/span> \u00f6l\u00e7\u00fclerinde olup, m\u0131knat\u0131sl\u0131 yap\u0131s\u0131 sayesinde metal y\u00fczeylere kolayl\u0131kla tutunur. Do\u011fum g\u00fcn\u00fc organizasyonlar\u0131n\u0131zda kullanabilece\u011finiz g\u00fczel bir \u00fcr\u00fcnd\u00fcr. Web sitemizde bulunan tasar\u0131mlar d\u0131\u015f\u0131nda iste\u011fe ba\u011fl\u0131 \u00f6zel \u00f6l\u00e7\u00fc ve bask\u0131 sipari\u015fi verebilirsiniz.\u00a0<span style=\"color: #bf0808;\"><em><b>Ma\u011fduriyet ya\u015famamak ad\u0131na, sipari\u015finizi vermeden \u00f6nce foto\u011fraf\u0131n\u0131z\u0131 WHATSAPP \u00fczerinden bize g\u00f6nderin, bask\u0131 i\u00e7in uygunlu\u011fu kontrol edildikten sonra a\u015fa\u011f\u0131daki alana Magnet \u00fczerine yaz\u0131lacak olan isim-ya\u015f ve gerekli bilgileri giriniz.<\/b><\/em><\/span><\/p>\n","protected":false},"featured_media":16663,"comment_status":"open","ping_status":"closed","template":"","meta":[],"product_brand":[],"product_cat":[985],"product_tag":[991,990,988,989,992],"class_list":{"0":"post-16660","1":"product","2":"type-product","3":"status-publish","4":"has-post-thumbnail","6":"product_cat-fotograf-baskili-buzdolabi-miknatisi","7":"product_tag-dogum-gunu-magneti","8":"product_tag-fotograf-baskili-miknatis","9":"product_tag-kisiye-ozel-magnet","10":"product_tag-resim-baskili-magnet","11":"product_tag-yas-gunu-magnetleri","13":"first","14":"instock","15":"shipping-taxable","16":"purchasable","17":"product-type-variable"},"aioseo_notices":[],"_links":{"self":[{"href":"https:\/\/sadecesanaozel.com.tr\/index.php\/wp-json\/wp\/v2\/product\/16660","targetHints":{"allow":["GET"]}}],"collection":[{"href":"https:\/\/sadecesanaozel.com.tr\/index.php\/wp-json\/wp\/v2\/product"}],"about":[{"href":"https:\/\/sadecesanaozel.com.tr\/index.php\/wp-json\/wp\/v2\/types\/product"}],"replies":[{"embeddable":true,"href":"https:\/\/sadecesanaozel.com.tr\/index.php\/wp-json\/wp\/v2\/comments?post=16660"}],"wp:featuredmedia":[{"embeddable":true,"href":"https:\/\/sadecesanaozel.com.tr\/index.php\/wp-json\/wp\/v2\/media\/16663"}],"wp:attachment":[{"href":"https:\/\/sadecesanaozel.com.tr\/index.php\/wp-json\/wp\/v2\/media?parent=16660"}],"wp:term":[{"taxonomy":"product_brand","embeddable":true,"href":"https:\/\/sadecesanaozel.com.tr\/index.php\/wp-json\/wp\/v2\/product_brand?post=16660"},{"taxonomy":"product_cat","embeddable":true,"href":"https:\/\/sadecesanaozel.com.tr\/index.php\/wp-json\/wp\/v2\/product_cat?post=16660"},{"taxonomy":"product_tag","embeddable":true,"href":"https:\/\/sadecesanaozel.com.tr\/index.php\/wp-json\/wp\/v2\/product_tag?post=16660"}],"curies":[{"name":"wp","href":"https:\/\/api.w.org\/{rel}","templated":true}]}}