{"id":19136,"date":"2023-03-01T12:16:34","date_gmt":"2023-03-01T09:16:34","guid":{"rendered":"https:\/\/sadecesanaozel.com.tr\/?post_type=product&#038;p=19136"},"modified":"2026-03-23T20:39:18","modified_gmt":"2026-03-23T17:39:18","slug":"orme-bebek-hirkasi-kiremit","status":"publish","type":"product","link":"https:\/\/sadecesanaozel.com.tr\/index.php\/urun\/orme-bebek-hirkasi-kiremit\/","title":{"rendered":"\u00d6rme Bebek H\u0131rkas\u0131 Kiremit"},"content":{"rendered":"<p>[vc_row][vc_column width=&#8221;1\/3&#8243;]\t\t\n\t\t<div id=\"wd-5fe500a43e58d\" class=\"title-wrapper  woodmart-title-color-default woodmart-title-style-default woodmart-title-width-100 text-left woodmart-title-size-small vc_custom_1608843463809\">\n\t\t\t\t\t\t\n\t\t\t<div class=\"liner-continer\">\n\t\t\t\t<span class=\"left-line\"><\/span>\n\t\t\t\t<h4 class=\"woodmart-title-container title  woodmart-font-weight-\" ><strong>BEBEK \u00d6RG\u00dcLER\u0130<\/strong><\/h4>\t\t\t\t\t\t\t\t<span class=\"right-line\"><\/span>\n\t\t\t<\/div>\n\t\t\t\n\t\t\t\t\t\t\n\t\t\t\t\t<\/div>\n\t\t\n\t\t[vc_column_text text_larger=&#8221;no&#8221;]<img loading=\"lazy\" decoding=\"async\" class=\" wp-image-3101 alignleft\" style=\"margin-right: 10px; margin-top: 2px;\" src=\"https:\/\/sadecesanaozel.com.tr\/wp-content\/uploads\/2020\/12\/baby-handmade-.png\" alt=\"\" width=\"120\" height=\"88\" \/>Bebeklerimiz i\u00e7in anne elinden \u00f6zenle \u00f6r\u00fclm\u00fc\u015f \u00fcr\u00fcnlerimizde birinci s\u0131n\u0131f bebek iplikleri kullan\u0131lm\u0131\u015ft\u0131r. Bebeklerimizin her ay\u0131nda g\u00fcvenle giydirebilirsiniz. Be\u011fendi\u011finiz modeli istedi\u011finiz renklerde \u00f6zel olarak yapt\u0131rabilirsiniz. Ayr\u0131ca web sitemiz \u00fczerinden ister kendiniz i\u00e7in ister hediye olarak da sevdiklerinize g\u00f6nderebilirsiniz.<\/p>\n<p>\u00dcr\u00fcn ile ilgili sorular\u0131n\u0131z i\u00e7in m\u00fc\u015fteri temsilcilerimizden destek alabilirsiniz. \u0130yi g\u00fcnlerde kullanman\u0131z dile\u011fi ile iyi al\u0131\u015fveri\u015fler dileriz.[\/vc_column_text][\/vc_column][vc_column width=&#8221;1\/3&#8243;]\t\t\n\t\t<div id=\"wd-69e05cd31fbf7\" class=\"title-wrapper  woodmart-title-color-default woodmart-title-style-default woodmart-title-width-100 text-left woodmart-title-size-small vc_custom_1532165181111\">\n\t\t\t\t\t\t\n\t\t\t<div class=\"liner-continer\">\n\t\t\t\t<span class=\"left-line\"><\/span>\n\t\t\t\t<h4 class=\"woodmart-title-container title  woodmart-font-weight-\" ><strong>\u00d6ZELL\u0130KLER<\/strong><\/h4>\t\t\t\t\t\t\t\t<span class=\"right-line\"><\/span>\n\t\t\t<\/div>\n\t\t\t\n\t\t\t\t\t\t\n\t\t\t\t\t<\/div>\n\t\t\n\t\t[vc_column_text text_larger=&#8221;no&#8221;]\u00d6zel olarak \u00fcretilen %100 Anti-Pill bebek ipleriyle \u00f6r\u00fclm\u00fc\u015f \u00fcr\u00fcnlerimizi makinenizin y\u00fcnl\u00fc program\u0131nda g\u00fcvenle y\u0131kayabilirsiniz. \u00d6rme bebek \u00fcr\u00fcnlerimiz hediyelik ve \u015fahsi kullan\u0131mlar a\u00e7\u0131s\u0131ndan \u015f\u0131k ve exclusive bir \u00fcr\u00fcn olup g\u00fcvenle kullanabilirsiniz. \u00dcr\u00fcne ili\u015fkin baz\u0131 bilgiler burada yer almaktad\u0131r.<\/p>\n<ul class=\"unordered-list\">\n<li>%100 Anti-Pill \u00f6zellikli<\/li>\n<li>0-24 ay bebeklerimize i\u00e7in<\/li>\n<li>H\u0131rka, Yelek, Bere, Atk\u0131, Pantolon<\/li>\n<li>30 derece g\u00fcvenli y\u0131kama <em>(%100 Anti-Pill yap\u0131s\u0131 ile \u00f6r\u00fclen \u00fcr\u00fcnlerimiz t\u00fcylenme yapmaz bebeklerinize g\u00fcvenle giydirebilirsiniz).<\/em><\/li>\n<\/ul>\n<p>[\/vc_column_text][\/vc_column][vc_column width=&#8221;1\/3&#8243;]\t\t\n\t\t<div id=\"wd-69e05cd31fc0c\" class=\"title-wrapper  woodmart-title-color-default woodmart-title-style-default woodmart-title-width-100 text-left woodmart-title-size-small vc_custom_1532165195756\">\n\t\t\t\t\t\t\n\t\t\t<div class=\"liner-continer\">\n\t\t\t\t<span class=\"left-line\"><\/span>\n\t\t\t\t<h4 class=\"woodmart-title-container title  woodmart-font-weight-\" ><strong>\u00d6L\u00c7\u00dcLER<\/strong><\/h4>\t\t\t\t\t\t\t\t<span class=\"right-line\"><\/span>\n\t\t\t<\/div>\n\t\t\t\n\t\t\t\t\t\t\n\t\t\t\t\t<\/div>\n\t\t\n\t\t[vc_column_text css=&#8221;.vc_custom_1679052135337{margin-bottom: 18px !important;}&#8221; text_larger=&#8221;no&#8221;]Ya\u015f aral\u0131\u011f\u0131: 6-12-18 Ay, 2-6 Ya\u015f<br \/>\nRenk se\u00e7ene\u011fi: Mevcut[\/vc_column_text]\t\t\n\t\t<div id=\"wd-5fe50a9a36f48\" class=\"title-wrapper  woodmart-title-color-default woodmart-title-style-default woodmart-title-width-100 text-left woodmart-title-size-small vc_custom_1608845988999\">\n\t\t\t\t\t\t\n\t\t\t<div class=\"liner-continer\">\n\t\t\t\t<span class=\"left-line\"><\/span>\n\t\t\t\t<h4 class=\"woodmart-title-container title  woodmart-font-weight-\" ><strong>\u00dcRET\u0130M VE KARGO S\u00dcREC\u0130<\/strong><\/h4>\t\t\t\t\t\t\t\t<span class=\"right-line\"><\/span>\n\t\t\t<\/div>\n\t\t\t\n\t\t\t\t\t\t\n\t\t\t\t\t<\/div>\n\t\t\n\t\t[vc_column_text css=&#8221;.vc_custom_1608845970905{margin-bottom: 18px !important;}&#8221; text_larger=&#8221;no&#8221;]Stok dahili \u00fcr\u00fcnlerde ayn\u0131 g\u00fcn kargo yap\u0131lmaktad\u0131r. \u00d6zel sipari\u015fleriniz i\u00e7in whatsapp \u00fczerinden detayl\u0131 bilgi alabilirsiniz.[\/vc_column_text]\t\t\n\t\t<div id=\"wd-69e05cd31fc36\" class=\"title-wrapper  woodmart-title-color-default woodmart-title-style-default woodmart-title-width-100 text-left woodmart-title-size-small vc_custom_1532165388869\">\n\t\t\t\t\t\t\n\t\t\t<div class=\"liner-continer\">\n\t\t\t\t<span class=\"left-line\"><\/span>\n\t\t\t\t<h4 class=\"woodmart-title-container title  woodmart-font-weight-\" ><strong>KULLANMA TAL\u0130MATI<\/strong><\/h4>\t\t\t\t\t\t\t\t<span class=\"right-line\"><\/span>\n\t\t\t<\/div>\n\t\t\t\n\t\t\t\t\t\t\n\t\t\t\t\t<\/div>\n\t\t\n\t\t[vc_column_text]\u00dcr\u00fcn ile birlikte size g\u00f6nderilen talimatlara uygun olarak kullanman\u0131z \u00f6nerilmektedir.[\/vc_column_text][\/vc_column][\/vc_row]<\/p>\n","protected":false},"excerpt":{"rendered":"<p><span style=\"vertical-align: inherit;\"><span style=\"vertical-align: inherit;\">\u00d6rme Bebek H\u0131rkas\u0131 Kiremit, Bebeklerimiz i\u00e7in \u00f6zel olarak \u00fcretilen iplerle, anne elinden \u00f6zenle \u00f6r\u00fclm\u00fc\u015f \u00fcr\u00fcnlerimizi bebeklerimizin her ay\u0131nda g\u00fcvenle kullanabilirsiniz. <span style=\"color: #cc0000;\"><strong><em>Be\u011fendi\u011finiz modeli istedi\u011finiz renklerde ve \u00f6l\u00e7\u00fclerde \u00f6zel olarak yapt\u0131rabilirsiniz.<\/em><\/strong><\/span> \u00d6rme bebek \u00fcr\u00fcnlerimiz hediyelik ve \u015fahsi kullan\u0131mlar a\u00e7\u0131s\u0131ndan \u015f\u0131k ve exclusive bir \u00fcr\u00fcn olup ister kendiniz i\u00e7in ister hediye olarak da sevdiklerinize g\u00f6nderebilirsiniz.<\/span><\/span><\/p>\n","protected":false},"featured_media":19137,"comment_status":"open","ping_status":"closed","template":"","meta":[],"product_brand":[],"product_cat":[407,408],"product_tag":[412,411,413],"class_list":{"0":"post-19136","1":"product","2":"type-product","3":"status-publish","4":"has-post-thumbnail","6":"product_cat-bebek-orguleri","7":"product_cat-hirka-yelek","8":"product_tag-bebek-hirkasi","9":"product_tag-orme-bebek-hirkasi","10":"product_tag-orme-hirka","12":"first","13":"instock","14":"shipping-taxable","15":"purchasable","16":"product-type-variable"},"aioseo_notices":[],"_links":{"self":[{"href":"https:\/\/sadecesanaozel.com.tr\/index.php\/wp-json\/wp\/v2\/product\/19136","targetHints":{"allow":["GET"]}}],"collection":[{"href":"https:\/\/sadecesanaozel.com.tr\/index.php\/wp-json\/wp\/v2\/product"}],"about":[{"href":"https:\/\/sadecesanaozel.com.tr\/index.php\/wp-json\/wp\/v2\/types\/product"}],"replies":[{"embeddable":true,"href":"https:\/\/sadecesanaozel.com.tr\/index.php\/wp-json\/wp\/v2\/comments?post=19136"}],"wp:featuredmedia":[{"embeddable":true,"href":"https:\/\/sadecesanaozel.com.tr\/index.php\/wp-json\/wp\/v2\/media\/19137"}],"wp:attachment":[{"href":"https:\/\/sadecesanaozel.com.tr\/index.php\/wp-json\/wp\/v2\/media?parent=19136"}],"wp:term":[{"taxonomy":"product_brand","embeddable":true,"href":"https:\/\/sadecesanaozel.com.tr\/index.php\/wp-json\/wp\/v2\/product_brand?post=19136"},{"taxonomy":"product_cat","embeddable":true,"href":"https:\/\/sadecesanaozel.com.tr\/index.php\/wp-json\/wp\/v2\/product_cat?post=19136"},{"taxonomy":"product_tag","embeddable":true,"href":"https:\/\/sadecesanaozel.com.tr\/index.php\/wp-json\/wp\/v2\/product_tag?post=19136"}],"curies":[{"name":"wp","href":"https:\/\/api.w.org\/{rel}","templated":true}]}}