{"id":21344,"date":"2025-05-20T11:10:20","date_gmt":"2025-05-20T08:10:20","guid":{"rendered":"https:\/\/sadecesanaozel.com.tr\/?post_type=product&#038;p=21344"},"modified":"2025-05-20T13:08:46","modified_gmt":"2025-05-20T10:08:46","slug":"kisiye-ozel-yuz-degisimli-tisortler","status":"publish","type":"product","link":"https:\/\/sadecesanaozel.com.tr\/index.php\/urun\/kisiye-ozel-yuz-degisimli-tisortler\/","title":{"rendered":"Ki\u015fiye \u00d6zel Y\u00fcz De\u011fi\u015fimli Ti\u015f\u00f6rtler"},"content":{"rendered":"<h2 data-sourcepos=\"4:1-4:73\">Ki\u015fiye \u00d6zel Y\u00fcz De\u011fi\u015fimli \u00c7ocuk Ti\u015f\u00f6rtleri: Hayalleri Ti\u015f\u00f6rte Ta\u015f\u0131y\u0131n!<\/h2>\n<p data-sourcepos=\"6:1-6:368\"><strong>Ki\u015fiye \u00f6zel <a title=\"Y\u00fcz De\u011fi\u015fimli Bask\u0131l\u0131 Ti\u015f\u00f6rtler\" href=\"https:\/\/sadecesanaozel.com.tr\/index.php\/urun\/yuz-degisimli-baskili-tisortler\/\" target=\"_blank\" rel=\"noopener\">y\u00fcz de\u011fi\u015fimli ti\u015f\u00f6rtler<\/a><\/strong> ile \u00e7ocuklar\u0131n\u0131z\u0131n hayal d\u00fcnyas\u0131n\u0131 ger\u00e7e\u011fe d\u00f6n\u00fc\u015ft\u00fcr\u00fcyoruz! Do\u011fum g\u00fcnleri ve \u00f6zel anlar i\u00e7in arad\u0131\u011f\u0131n\u0131z <strong>en haval\u0131 hediye<\/strong> se\u00e7enekleri sadecesanaozel.com.tr&#8217;de sizleri bekliyor. \u00c7ocu\u011funuzun enerjisine enerji katacak <strong>ki\u015fiye \u00f6zel<\/strong>, <strong>isimli<\/strong> ve <strong>resim bask\u0131l\u0131 ti\u015f\u00f6rt<\/strong> tasar\u0131mlar\u0131m\u0131zla dolu se\u00e7eneklerimiz \u015fimdi \u00e7ok pop\u00fcler.<\/p>\n<p data-sourcepos=\"8:1-8:620\">Bu <strong>benzersiz bask\u0131l\u0131 \u00e7ocuk ti\u015f\u00f6rtleri<\/strong> sadece haval\u0131 tasar\u0131mlardan ibaret de\u011fil; ger\u00e7ek bir sihir sunuyor! \u00c7ocu\u011funuzun en sevdi\u011fi <strong>\u00e7izgi film karakterinin<\/strong>, <strong>masal kahraman\u0131n\u0131n<\/strong> veya <strong>idol\u00fcn\u00fcn<\/strong> y\u00fcz\u00fcn\u00fc, bize g\u00f6nderece\u011finiz <strong>\u00e7ocu\u011funuzun foto\u011fraf\u0131<\/strong> ile de\u011fi\u015ftiriyoruz! Evet, yanl\u0131\u015f duymad\u0131n\u0131z! Minik kahraman\u0131n\u0131z\u0131n kendi y\u00fcz\u00fcn\u00fc, en sevdi\u011fi karakterin bedeninde hayal edin. Ortaya \u00e7\u0131kan <strong>e\u011flenceli<\/strong> ve <strong>komik ti\u015f\u00f6rtler<\/strong>, hem sizi hem de \u00e7ocu\u011funuzu g\u00fcl\u00fcmsetecek. Uzman grafik ekibimiz, titizlikle <strong>y\u00fcz de\u011fi\u015fimini<\/strong> ger\u00e7ekle\u015ftirerek m\u00fckemmel bir uyum sa\u011flayacak ve \u00e7ocu\u011funuzun hayal g\u00fcc\u00fcn\u00fc ti\u015f\u00f6rt\u00fcne ta\u015f\u0131yacak.<\/p>\n<hr data-sourcepos=\"10:1-10:3\" \/>\n<h3 data-sourcepos=\"11:1-11:52\">\u00dcst\u00fcn Kalite ve Konforla Gelen Benzersiz Deneyim<\/h3>\n<p data-sourcepos=\"13:1-13:402\"><strong>Bask\u0131l\u0131 \u00e7ocuk ti\u015f\u00f6rtleri<\/strong> koleksiyonumuzdaki bu heyecan verici tasar\u0131mlar, \u00f6zel <strong>mikrohijyen pamuklu kuma\u015f\u0131<\/strong> sayesinde g\u00fcn boyu <strong>mikrop bar\u0131nd\u0131rmaz<\/strong>, <strong>terletmez<\/strong> ve \u00e7ocuklar\u0131n\u0131z\u0131n bedeninde <strong>rahat bir konfor<\/strong> sunar. <strong>Do\u011frudan kuma\u015fa uygulanan bask\u0131 tekni\u011fi<\/strong> ile renkler canl\u0131 kal\u0131r ve <strong>uzun s\u00fcreli kullan\u0131m imkan\u0131<\/strong> sa\u011flar. B\u00f6ylece \u00e7ocu\u011funuz, ti\u015f\u00f6rt\u00fcn\u00fc ilk g\u00fcnk\u00fc gibi uzun s\u00fcre giyebilir.<\/p>\n<hr data-sourcepos=\"15:1-15:3\" \/>\n<h3 data-sourcepos=\"16:1-16:48\">Kolayca Sipari\u015f Verin, Mutlulu\u011fa Ortak Olun!<\/h3>\n<p data-sourcepos=\"18:1-18:139\">\u0130ste\u011fe ba\u011fl\u0131 olarak ti\u015f\u00f6rt\u00fcn \u00fczerinde yazmas\u0131n\u0131 istedi\u011finiz bilgileri a\u015fa\u011f\u0131daki metin kutusuna yazarak sipari\u015finizi kolayca verebilirsiniz.<\/p>\n<p data-sourcepos=\"20:1-20:267\"><strong>\u00d6nemli Not:<\/strong> Yanl\u0131\u015f beden al\u0131m\u0131n\u0131n \u00f6n\u00fcne ge\u00e7mek i\u00e7in l\u00fctfen <strong>beden tablomuzu mutlaka kullan\u0131n\u0131z<\/strong>. Bask\u0131 yap\u0131lacak foto\u011fraf\u0131n uygunlu\u011fu i\u00e7in WhatsApp \u00fczerinden bizimle ileti\u015fime ge\u00e7ebilirsiniz. Hemen ke\u015ffedin ve minik kahramanlar\u0131n\u0131z\u0131n tarz\u0131n\u0131 tamamlay\u0131n!<\/p>\n<h2 data-sourcepos=\"2:1-2:81\">Ki\u015fiye \u00f6zel y\u00fcz de\u011fi\u015fimli ti\u015f\u00f6rtler \u00c7ocu\u011funuzu Hayallerindeki Kahraman Yap\u0131n<\/h2>\n<p data-sourcepos=\"4:1-4:391\"><strong>sadecesanaozel.com.tr<\/strong> olarak, \u00e7ocuklar\u0131n\u0131z\u0131n <strong>do\u011fum g\u00fcnleri<\/strong> ve <strong>g\u00fcnl\u00fck hayat<\/strong> i\u00e7in arad\u0131\u011f\u0131n\u0131z <strong>benzersiz ve e\u011flenceli hediye<\/strong> se\u00e7eneklerini bir araya getiriyoruz! S\u0131radan <strong>\u00e7ocuk ti\u015f\u00f6rtleri<\/strong> yerine, \u00e7ocu\u011funuzun kendi y\u00fcz\u00fcn\u00fc en sevdi\u011fi <strong>\u00e7izgi film karakteri<\/strong> veya <strong>sevilen kahramanlar\u0131n<\/strong> \u00fczerinde g\u00f6rmesine olanak tan\u0131yan, <strong>tamamen ki\u015fiye \u00f6zel bask\u0131l\u0131 ti\u015f\u00f6rtler<\/strong> tasarlad\u0131k.<\/p>\n<hr data-sourcepos=\"6:1-6:3\" \/>\n<h3 data-sourcepos=\"7:1-7:60\">Hayal G\u00fcc\u00fcn\u00fc Ger\u00e7e\u011fe D\u00f6n\u00fc\u015ft\u00fcren Y\u00fcz De\u011fi\u015fimi Teknolojisi<\/h3>\n<p data-sourcepos=\"9:1-9:340\">Bu <strong>orijinal \u00e7ocuk ti\u015f\u00f6rtleri<\/strong>, sadece bir bask\u0131dan ibaret de\u011fil! Sundu\u011fumuz bu \u00f6zel \u00fcr\u00fcnle, se\u00e7ti\u011finiz pop\u00fcler bir <strong>\u00e7ocuk karakterinin<\/strong> y\u00fcz\u00fcn\u00fc, bize g\u00f6nderece\u011finiz <strong>\u00e7ocu\u011funuzun foto\u011fraf\u0131<\/strong> ile ustaca de\u011fi\u015ftiriyoruz. Evet, do\u011fru duydunuz! \u00c7ocu\u011funuzun masum ve g\u00fclen y\u00fcz\u00fc, en sevdi\u011fi <strong>\u00e7izgi film karakterinin<\/strong> bedeninde hayat buluyor.<\/p>\n<p data-sourcepos=\"11:1-11:379\">Bu sayede ortaya \u00e7\u0131kan <strong>komik ti\u015f\u00f6rtler<\/strong> ve <strong>sevimli bask\u0131l\u0131 ti\u015f\u00f6rtler<\/strong>, hem \u00e7ocu\u011funuzu hem de \u00e7evresindekileri kahkahalara bo\u011facak. Uzman grafik ekibimiz, g\u00f6nderdi\u011finiz <strong>\u00e7ocuk resmini<\/strong> \u00f6zenle i\u015fleyerek, <strong>karakter y\u00fcz\u00fcn\u00fc \u00e7ocuk foto\u011fraf\u0131<\/strong> ile kusursuz bir \u015fekilde birle\u015ftiriyor. Tek yapman\u0131z gereken, \u00e7ocu\u011funuzun net ve y\u00fcksek \u00e7\u00f6z\u00fcn\u00fcrl\u00fckl\u00fc bir foto\u011fraf\u0131n\u0131 bize ula\u015ft\u0131rmak!<\/p>\n<hr data-sourcepos=\"13:1-13:3\" \/>\n<h3 data-sourcepos=\"14:1-14:50\">Neden Ki\u015fiye \u00d6zel Y\u00fcz De\u011fi\u015fimli Ti\u015f\u00f6rtlerimiz?<\/h3>\n<ul data-sourcepos=\"16:1-21:0\">\n<li data-sourcepos=\"16:1-16:247\"><strong>E\u015fi Benzeri Olmayan Tasar\u0131m:<\/strong> Piyasada bulamayaca\u011f\u0131n\u0131z bu <strong>ki\u015fiye \u00f6zel ti\u015f\u00f6rtler<\/strong>, \u00e7ocu\u011funuzun tarz\u0131n\u0131 ve hayal d\u00fcnyas\u0131n\u0131 en e\u015fsiz \u015fekilde yans\u0131t\u0131r. Her bir <strong>isme \u00f6zel ti\u015f\u00f6rt<\/strong> ve <strong>foto\u011frafl\u0131 ti\u015f\u00f6rt<\/strong>, \u00e7ocu\u011funuz i\u00e7in \u00f6zel olarak \u00fcretilir.<\/li>\n<li data-sourcepos=\"17:1-17:233\"><strong>Unutulmaz Hediye Deneyimi:<\/strong> \u0130ster bir <strong>do\u011fum g\u00fcn\u00fc ti\u015f\u00f6rt\u00fc<\/strong> olarak, ister <strong>\u00f6zel g\u00fcnler i\u00e7in hediye \u00e7ocuk<\/strong> aray\u0131\u015f\u0131n\u0131zda olsun; bu <strong>kahramanl\u0131 ti\u015f\u00f6rtler<\/strong> sadece bir giysi de\u011fil, \u00f6m\u00fcr boyu saklanacak de\u011ferli bir an\u0131 olacakt\u0131r.<\/li>\n<li data-sourcepos=\"18:1-18:297\"><strong>G\u00fcnl\u00fck \u015e\u0131kl\u0131k ve Rahatl\u0131k:<\/strong> Sadece kutlamalar i\u00e7in de\u011fil, <strong>g\u00fcnl\u00fck \u00e7ocuk ti\u015f\u00f6rt\u00fc<\/strong> olarak da rahatl\u0131kla giyilebilir. Okulda, parkta, arkada\u015flar\u0131yla bulu\u015fmalarda \u00e7ocu\u011funuzun ne\u015fesini ve \u00f6zg\u00fcnl\u00fc\u011f\u00fcn\u00fc \u00f6n plana \u00e7\u0131kar\u0131r. Hem <strong>erkek \u00e7ocuk ti\u015f\u00f6rt<\/strong> hem de <strong>k\u0131z \u00e7ocuk ti\u015f\u00f6rt<\/strong> se\u00e7enekleri mevcuttur.<\/li>\n<li data-sourcepos=\"19:1-19:278\"><strong>Y\u00fcksek Kalite ve Dayan\u0131kl\u0131l\u0131k:<\/strong> \u00dcr\u00fcnlerimizde <strong>kaliteli \u00e7ocuk ti\u015f\u00f6rtleri<\/strong> kullan\u0131yoruz. Bask\u0131lar\u0131m\u0131z canl\u0131l\u0131\u011f\u0131n\u0131 uzun s\u00fcre korur, solma ve \u00e7atlama yapmaz. Ayr\u0131ca, \u00e7ocu\u011funuzun hassas cildine dost, nefes alabilen ve rahat <strong>pamuklu \u00e7ocuk ti\u015f\u00f6rt<\/strong> kuma\u015flar\u0131 tercih ediyoruz.<\/li>\n<li data-sourcepos=\"20:1-21:0\"><strong>Mutluluk Garantisi:<\/strong> \u00c7ocu\u011funuzun kendi y\u00fcz\u00fcn\u00fc idol\u00fcn\u00fcn \u00fczerinde g\u00f6rmesi, paha bi\u00e7ilmez bir sevin\u00e7 ve gurur kayna\u011f\u0131 olacakt\u0131r. Bu <strong>e\u011flenceli ti\u015f\u00f6rtler<\/strong>, an\u0131nda g\u00fcl\u00fcmsemeleri beraberinde getirir.<\/li>\n<\/ul>\n<hr data-sourcepos=\"22:1-22:3\" \/>\n<h3 data-sourcepos=\"23:1-23:29\">Sipari\u015f S\u00fcreci \u00c7ok Kolay!<\/h3>\n<p data-sourcepos=\"25:1-25:74\">\u00c7ocu\u011funuzu hayallerindeki kahraman yapmak i\u00e7in sadece birka\u00e7 ad\u0131m yeterli:<\/p>\n<ol data-sourcepos=\"27:1-30:0\">\n<li data-sourcepos=\"27:1-27:121\"><strong>Karakterinizi Se\u00e7in:<\/strong> \u00c7ocu\u011funuzun en sevdi\u011fi <strong>\u00e7izgi film karakteri<\/strong> veya <strong>\u00e7ocuk karakter<\/strong> fig\u00fcr\u00fcn\u00fc belirleyin.<\/li>\n<li data-sourcepos=\"28:1-28:100\"><strong>Foto\u011fraf\u0131 Y\u00fckleyin:<\/strong> \u00c7ocu\u011funuzun net ve iyi \u0131\u015f\u0131kland\u0131r\u0131lm\u0131\u015f bir foto\u011fraf\u0131n\u0131 kolayca y\u00fckleyin.<\/li>\n<li data-sourcepos=\"29:1-30:0\"><strong>Gerisini Bize B\u0131rak\u0131n:<\/strong> Uzman ekibimiz, <strong>y\u00fcz de\u011fi\u015fimini<\/strong> titizlikle yaparak size \u00f6zel <strong>bask\u0131l\u0131 ti\u015f\u00f6rt\u00fc<\/strong> haz\u0131rlas\u0131n.<\/li>\n<\/ol>\n<p data-sourcepos=\"31:1-31:223\"><strong>sadecesanaozel.com.tr<\/strong> g\u00fcvencesiyle, <strong>ki\u015fiye \u00f6zel \u00e7ocuk ti\u015f\u00f6rt\u00fcn\u00fcz<\/strong> k\u0131sa s\u00fcrede kap\u0131n\u0131za gelsin ve \u00e7ocu\u011funuzun y\u00fcz\u00fcndeki mutlulu\u011fa \u015fahit olun! Bu <strong>orijinal hediye \u00e7ocuk<\/strong> se\u00e7ene\u011fiyle, s\u0131radan bir g\u00fcn\u00fc bile \u00f6zel k\u0131l\u0131n.<\/p>\n","protected":false},"excerpt":{"rendered":"<p><strong>Ki\u015fiye \u00f6zel y\u00fcz de\u011fi\u015fimli ti\u015f\u00f6rtler<\/strong> ile \u00e7ocuklar\u0131n\u0131z\u0131n hayal d\u00fcnyas\u0131n\u0131 ger\u00e7e\u011fe d\u00f6n\u00fc\u015ft\u00fcr\u00fcyoruz! <strong>sadecesanaozel.com.tr<\/strong> olarak, bize g\u00f6nderece\u011finiz \u00e7ocu\u011funuzun foto\u011fraf\u0131 ile en sevdi\u011fi \u00e7izgi film karakterinin <strong>y\u00fcz\u00fcn\u00fc de\u011fi\u015ftirerek<\/strong>, ona e\u015fsiz ve ki\u015fiye \u00f6zel bir hediye sunuyoruz. <strong>Do\u011fum g\u00fcnleri<\/strong> ve \u00f6zel g\u00fcnler i\u00e7in arad\u0131\u011f\u0131n\u0131z <strong>en haval\u0131 hediye<\/strong> i\u015fte kar\u015f\u0131n\u0131zda!<strong> Ki\u015fiye \u00f6zel <a title=\"Y\u00fcz De\u011fi\u015fimli Bask\u0131l\u0131 Ti\u015f\u00f6rtler\" href=\"https:\/\/sadecesanaozel.com.tr\/index.php\/urun\/yuz-degisimli-baskili-tisortler\/\" target=\"_blank\" rel=\"noopener\">y\u00fcz de\u011fi\u015fimli ti\u015f\u00f6rtler<\/a><\/strong> ile \u00e7ocuklar\u0131n\u0131z\u0131n hayal d\u00fcnyas\u0131n\u0131 ger\u00e7e\u011fe d\u00f6n\u00fc\u015ft\u00fcr\u00fcyoruz! <strong>Do\u011fum g\u00fcn\u00fc<\/strong> y\u00fcz de\u011fi\u015ftirme ti\u015f\u00f6rtleri enerjisine enerji katacak, <strong>ki\u015fiye \u00f6zel<\/strong> <strong>isimli ve resim bask\u0131l\u0131 ti\u015f\u00f6rt<\/strong> tasar\u0131mlar\u0131m\u0131zla dolu se\u00e7eneklerimiz \u015fimdi \u00e7ok pop\u00fcler. Bu benzersiz<strong> bask\u0131l\u0131 \u00e7ocuk ti\u015f\u00f6rtleri<\/strong>, sadece haval\u0131 tasar\u0131mlardan ibaret de\u011fil! Sevdi\u011finiz karakterin y\u00fcz\u00fcn\u00fc, bize g\u00f6nderece\u011finiz <strong>\u00e7ocu\u011funuzun foto\u011fraf\u0131<\/strong> ile de\u011fi\u015ftiriyoruz! Uzman grafik ekibimiz, titizlikle <strong>y\u00fcz de\u011fi\u015fimini<\/strong> ger\u00e7ekle\u015ftirerek m\u00fckemmel bir uyum sa\u011flayacak ve \u00e7ocu\u011funuzun hayal g\u00fcc\u00fcn\u00fc ti\u015f\u00f6rt\u00fcne ta\u015f\u0131yacak. Bask\u0131l\u0131 \u00e7ocuk ti\u015f\u00f6rt \u00e7e\u015fitlerimi \u00f6zel mikrohijyen pamuklu kuma\u015f\u0131 sayesinde g\u00fcn boyu mikrop bar\u0131nd\u0131rmaz, terletmez ve \u00e7ocuklar\u0131n\u0131z\u0131n bedeninde rahat bir konfor sunar. Do\u011frudan kuma\u015fa uygulanan bask\u0131 tekni\u011fi ile uzun s\u00fcreli kullan\u0131m imkan\u0131 sa\u011flar. \u0130ste\u011fe ba\u011fl\u0131 olarak ti\u015f\u00f6rt\u00fcn \u00fczerinde yazmas\u0131n\u0131 istedi\u011finiz bilgileri a\u015fa\u011f\u0131daki metin kutusuna yazarak sipari\u015finizi verebilirsiniz. <span style=\"color: #ba1414;\"><strong><em>\u00d6nemli Not: Yanl\u0131\u015f beden al\u0131m\u0131n\u0131n \u00f6n\u00fcne ge\u00e7mek i\u00e7in l\u00fctfen beden tablomuzu mutlaka kullan\u0131n\u0131z. Bas\u0131lacak foto\u011fraf\u0131n uygunlu\u011fu i\u00e7in \u00f6ncelikle WHATSAPP \u00fczerinden bizle ileti\u015fime ge\u00e7iniz.<\/em><\/strong><\/span><\/p>\n","protected":false},"featured_media":21345,"comment_status":"open","ping_status":"closed","template":"","meta":[],"product_brand":[],"product_cat":[105,182,41],"product_tag":[1543,1549,1534,1529,1539,1537,1551,1527,1530,1526,1541,1545,1309,1536,1547,1552,1532,1524,1538,1535,1466,1544,1531,852,1523,1553,1548,1542,1550,1540,1474,1525,1546,1533,1473,1528],"class_list":{"0":"post-21344","1":"product","2":"type-product","3":"status-publish","4":"has-post-thumbnail","6":"product_cat-cocuk-tisort","7":"product_cat-ozel-gun-tisortleri","8":"product_cat-kisiye-ozel-baskili-tisort","9":"product_tag-antibakteriyel-cocuk-tisortu","10":"product_tag-benzersiz-cocuk-tisortu","11":"product_tag-cizgi-film-kahramanli-tisort-kisiye-ozel","12":"product_tag-cizgi-film-karakteri-yuz-degisimi-tisort","13":"product_tag-cocuga-dogum-gunu-hediyesi-tisort","14":"product_tag-cocuk-dogum-gunu-hediyesi-tisort","15":"product_tag-cocuk-giyim-kisiye-ozel","16":"product_tag-cocuk-tisort-baski","17":"product_tag-cocuk-yuzu-baskili-tisort","18":"product_tag-cocuklar-icin-ozel-tisort","19":"product_tag-cocuklar-icin-surpriz-hediye","20":"product_tag-dayanikli-cocuk-tisortu","21":"product_tag-dogum-gunu-tisort-baski","22":"product_tag-dogum-gunu-tisortu-kisiye-ozel","23":"product_tag-eglenceli-cocuk-tisortleri","24":"product_tag-erkek-cocuk-tisort-kisiye-ozel","25":"product_tag-foto-montaj-tisort-cocuk","26":"product_tag-fotografli-tisort-cocuk","27":"product_tag-hediyelik-cocuk-tisortu","28":"product_tag-idol-tisort-cocuk","29":"product_tag-isme-ozel-tisort-cocuk","30":"product_tag-kaliteli-cocuk-tisort-baski","31":"product_tag-karakterli-tisort-cocugun-yuzuyle","32":"product_tag-kisiye-ozel-baskili-tisort","33":"product_tag-kisiye-ozel-cocuk-tisortu","34":"product_tag-kiz-cocuk-tisort-kisiye-ozel","35":"product_tag-komik-cocuk-tisortu","36":"product_tag-mikrohijyen-tisort-cocuk","37":"product_tag-orijinal-cocuk-hediyesi","38":"product_tag-ozel-gun-tisortu-cocuk","39":"product_tag-pamuklu-cocuk-tisortu","40":"product_tag-resimli-tisort-baski","41":"product_tag-saglikli-cocuk-tisortu","42":"product_tag-sevilen-karakterli-cocuk-tisortu","43":"product_tag-terletmeyen-cocuk-tisortu","44":"product_tag-yuz-degisimli-tisort","46":"first","47":"instock","48":"shipping-taxable","49":"purchasable","50":"product-type-simple"},"aioseo_notices":[],"_links":{"self":[{"href":"https:\/\/sadecesanaozel.com.tr\/index.php\/wp-json\/wp\/v2\/product\/21344","targetHints":{"allow":["GET"]}}],"collection":[{"href":"https:\/\/sadecesanaozel.com.tr\/index.php\/wp-json\/wp\/v2\/product"}],"about":[{"href":"https:\/\/sadecesanaozel.com.tr\/index.php\/wp-json\/wp\/v2\/types\/product"}],"replies":[{"embeddable":true,"href":"https:\/\/sadecesanaozel.com.tr\/index.php\/wp-json\/wp\/v2\/comments?post=21344"}],"wp:featuredmedia":[{"embeddable":true,"href":"https:\/\/sadecesanaozel.com.tr\/index.php\/wp-json\/wp\/v2\/media\/21345"}],"wp:attachment":[{"href":"https:\/\/sadecesanaozel.com.tr\/index.php\/wp-json\/wp\/v2\/media?parent=21344"}],"wp:term":[{"taxonomy":"product_brand","embeddable":true,"href":"https:\/\/sadecesanaozel.com.tr\/index.php\/wp-json\/wp\/v2\/product_brand?post=21344"},{"taxonomy":"product_cat","embeddable":true,"href":"https:\/\/sadecesanaozel.com.tr\/index.php\/wp-json\/wp\/v2\/product_cat?post=21344"},{"taxonomy":"product_tag","embeddable":true,"href":"https:\/\/sadecesanaozel.com.tr\/index.php\/wp-json\/wp\/v2\/product_tag?post=21344"}],"curies":[{"name":"wp","href":"https:\/\/api.w.org\/{rel}","templated":true}]}}