{"id":2903,"date":"2018-11-29T15:54:34","date_gmt":"2018-11-29T13:54:34","guid":{"rendered":"https:\/\/sadecesanaozel.com.tr\/?post_type=product&#038;p=2903"},"modified":"2026-03-23T20:16:52","modified_gmt":"2026-03-23T17:16:52","slug":"hediyelik-kisiye-ozel-insaat-muhendisi-bardagi-baskili-kupa-bardak","status":"publish","type":"product","link":"https:\/\/sadecesanaozel.com.tr\/index.php\/urun\/hediyelik-kisiye-ozel-insaat-muhendisi-bardagi-baskili-kupa-bardak\/","title":{"rendered":"\u0130n\u015faat M\u00fchendisi Barda\u011f\u0131-1"},"content":{"rendered":"<p>[vc_row content_placement=&#8221;top&#8221;][vc_column width=&#8221;1\/2&#8243;][vc_column_text]<img loading=\"lazy\" decoding=\"async\" class=\" wp-image-3101 alignleft\" style=\"margin-right: 10px; margin-top: 2px;\" src=\"https:\/\/sadecesanaozel.com.tr\/wp-content\/uploads\/2018\/07\/sadece-sana-\u00f6zel-kupa-bardak-\u00fcr\u00fcnleri.png\" alt=\"\" width=\"120\" height=\"88\" \/>Sizlerin iste\u011finize sunulmu\u015f olan \u00f6zel porselen kupa barda\u011f\u0131n\u0131zda yazmas\u0131n\u0131 istedi\u011finiz \u0130sim-Soyisim veya yaz\u0131y\u0131 ilgili alana yaz\u0131p sipari\u015f miktar\u0131n\u0131 belirledikten sonra Sepete Ekle butonuna basarak sat\u0131n alabilir ve do\u011frudan ister kendi adresinize, ister sevdiklerinizin adresine g\u00f6nderebilirsiniz.<\/p>\n<blockquote><p>Ultra Coast \u00f6zelli\u011fi sayesinde 3000 derecede y\u0131kanabilen porselen kupa bardaklar\u0131m\u0131z hediyelik ve \u015fahsi kullan\u0131mlar a\u00e7\u0131s\u0131ndan \u015f\u0131k ve exclusive bir \u00fcr\u00fcn olup g\u00fcvenle kullanabilirsiniz.<\/p><\/blockquote>\n<p>Boyutlar: Geni\u015flik: 23 cm, Y\u00fckseklik: 9,5 cm,<br \/>\nBask\u0131 alan\u0131: Geni\u015flik: 20,3 cm, Y\u00fckseklik: 9 cm,<br \/>\n\u00dcr\u00fcn ile birlikte size g\u00f6nderilen talimatlara uygun olarak kullanman\u0131z \u00f6nerilmektedir.[\/vc_column_text][\/vc_column][vc_column width=&#8221;1\/2&#8243; css=&#8221;.vc_custom_1490694541710{padding-top: 0px !important;}&#8221;][vc_row_inner content_placement=&#8221;top&#8221;][vc_column_inner width=&#8221;1\/2&#8243; css=&#8221;.vc_custom_1490695008312{margin-bottom: 20px !important;}&#8221;]\t\t\t<div class=\"info-box-wrapper \">\n\t\t\t\t<div id=\"wd-69dfd3c42f479\" class=\" woodmart-info-box text-center box-icon-align-top box-style- color-scheme- woodmart-bg-none box-title-small vc_custom_1543494987743\"  >\n\t\t\t\t\t\t\t\t\t\t\t<div class=\"box-icon-wrapper  box-with-icon box-icon-simple\">\n\t\t\t\t\t\t\t<div class=\"info-box-icon\">\n\n\t\t\t\t\t\t\t\n\t\t\t\t\t\t\t\t\t\t\t\t\t\t\t\t\t<img loading=\"lazy\" decoding=\"async\" class=\"woodmart-lazy-load woodmart-lazy-fade info-icon image-1 \" src=\"data:image\/png;base64,iVBORw0KGgoAAAANSUhEUgAAAAoAAAAKCAYAAACNMs+9AAAACXBIWXMAAA7EAAAOxAGVKw4bAAAA+UlEQVQYlW3QsUpcYRiE4ef790TscjCLF2Dhnt0r8AJSS64lF5QLSBmsLNKlSKGVcjauRUhEEMIiQYLoOf+XIhtQcNp5GWYmoOu6UsIOGs\/1UNPtcrmsMZvNyqTEFG2Iq\/O+v\/9PLeZdk7TjWH\/FYt7tkHfEe7zZpN7gNb6mPArRFmyNtQ44wxec4Dd+4rTvv1U0BSalbGMdmZ9lfpL5EQMOUaE8Kf4nI3ZFHIiAa9wt5t3uEzCm6Db9LokWP3CKtzbGgHu0eIfv\/8bZxzaO8dA8DuP6VTOZZuaHiNjLHC765WVdzLst7GFd023A5suXDh8eh3G9Wq38Bc3\/XH1RZi7EAAAAAElFTkSuQmCC\" data-wood-src=\"https:\/\/sadecesanaozel.com.tr\/wp-content\/uploads\/2017\/06\/sadece-sana-\u00f6zel-ayn\u0131-g\u00fcn-h\u0131zl\u0131-kargo-icon-50x50.png\" width=\"50\" height=\"50\" alt=\"sadece sana \u00f6zel ayn\u0131 g\u00fcn h\u0131zl\u0131 kargo icon\" title=\"sadece sana \u00f6zel ayn\u0131 g\u00fcn h\u0131zl\u0131 kargo icon\" \/>\t\t\t\t\t\t\t\t\t\t\t\t\t\t\t\t\n\t\t\t\t\t\t\t\n\t\t\t\t\t\t\t<\/div>\n\t\t\t\t\t\t<\/div>\n\t\t\t\t\t\t\t\t\t\t<div class=\"info-box-content\">\n\t\t\t\t\t\t<h4 class=\"info-box-title woodmart-font-weight- box-title-style-default\">AYNI G\u00dcN KARGO<\/h4>\t\t\t\t\t\t<div class=\"info-box-inner reset-mb-10\">\n\t\t\t\t\t\t\t<\/p>\n<p style=\"text-align: center;\">Bu \u00fcr\u00fcn i\u00e7in saat 12:00&#8217;ye kadar verilen sipari\u015fler ayn\u0131 g\u00fcn kargoda.<\/p>\n<p>\n\t\t\t\t\t\t<\/div>\n\n\t\t\t\t\t\t\t\t\t\t\t\t\n\t\t\t\t\t<\/div>\n\n\t\t\t\t\t\t\t\t\t<\/div>\n\t\t\t<\/div>\n\t\t[\/vc_column_inner][vc_column_inner width=&#8221;1\/2&#8243; css=&#8221;.vc_custom_1490695011353{margin-bottom: 20px !important;}&#8221;]\t\t\t<div class=\"info-box-wrapper \">\n\t\t\t\t<div id=\"wd-69dfd3c43157a\" class=\" woodmart-info-box text-center box-icon-align-top box-style- color-scheme- woodmart-bg-none box-title-small vc_custom_1543495009420\"  >\n\t\t\t\t\t\t\t\t\t\t\t<div class=\"box-icon-wrapper  box-with-icon box-icon-simple\">\n\t\t\t\t\t\t\t<div class=\"info-box-icon\">\n\n\t\t\t\t\t\t\t\n\t\t\t\t\t\t\t\t\t\t\t\t\t\t\t\t\t<img loading=\"lazy\" decoding=\"async\" class=\"woodmart-lazy-load woodmart-lazy-fade info-icon image-1 \" src=\"data:image\/png;base64,iVBORw0KGgoAAAANSUhEUgAAAAoAAAAKCAYAAACNMs+9AAAACXBIWXMAAA7EAAAOxAGVKw4bAAAA5klEQVQYlW2QsUrEQBCGv9ldE7gqHEF8gZjNVb6AtZ2FD+lLCJYKcohVsphDjiusjuOwsLgkuzYjRHBgmBn4+efjFwDvvTHCEnD8rVNMHEMIUeq6NtZICZTAQgVG51uCYpri3lkjBXAEzmOaXodhIM9yB3ILfEHaOGuWDsjaLoyrxl8ZsXd5ZneKcA1cCrIFHudMn8CobwvgWfenOUvUdsr5oveh7cJ2LjTAd9uFe3W4Ad5F5ONXY4Cx8X7ufAE8AOuUEqvGO+AkVVWZM2dL5SpAZtgpAruY2AuAZvlf4OMwToe+7\/kBFMBKzbB\/lYoAAAAASUVORK5CYII=\" data-wood-src=\"https:\/\/sadecesanaozel.com.tr\/wp-content\/uploads\/2017\/06\/sadece-sana-\u00f6zel-ki\u015fiye-\u00f6zel-tasar\u0131m-icon-50x50.png\" width=\"50\" height=\"50\" alt=\"sadece sana \u00f6zel ki\u015fiye \u00f6zel tasar\u0131m icon\" title=\"sadece sana \u00f6zel ki\u015fiye \u00f6zel tasar\u0131m icon\" \/>\t\t\t\t\t\t\t\t\t\t\t\t\t\t\t\t\n\t\t\t\t\t\t\t\n\t\t\t\t\t\t\t<\/div>\n\t\t\t\t\t\t<\/div>\n\t\t\t\t\t\t\t\t\t\t<div class=\"info-box-content\">\n\t\t\t\t\t\t<h4 class=\"info-box-title woodmart-font-weight- box-title-style-default\">K\u0130\u015e\u0130YE \u00d6ZEL \u00dcR\u00dcN<\/h4>\t\t\t\t\t\t<div class=\"info-box-inner reset-mb-10\">\n\t\t\t\t\t\t\t<\/p>\n<p style=\"text-align: center;\">Bu \u00fcr\u00fcn m\u00fc\u015fteri taraf\u0131ndan ki\u015fiselle\u015ftirilen \u00fcr\u00fcn kategorisindedir.<\/p>\n<p>\n\t\t\t\t\t\t<\/div>\n\n\t\t\t\t\t\t\t\t\t\t\t\t\n\t\t\t\t\t<\/div>\n\n\t\t\t\t\t\t\t\t\t<\/div>\n\t\t\t<\/div>\n\t\t[\/vc_column_inner][vc_column_inner width=&#8221;1\/2&#8243; css=&#8221;.vc_custom_1490694847874{margin-bottom: 20px !important;}&#8221;]\t\t\t<div class=\"info-box-wrapper \">\n\t\t\t\t<div id=\"wd-69dfd3c431c2a\" class=\" woodmart-info-box text-center box-icon-align-top box-style- color-scheme- woodmart-bg-none box-title-small vc_custom_1543495035171\"  >\n\t\t\t\t\t\t\t\t\t\t\t<div class=\"box-icon-wrapper  box-with-icon box-icon-simple\">\n\t\t\t\t\t\t\t<div class=\"info-box-icon\">\n\n\t\t\t\t\t\t\t\n\t\t\t\t\t\t\t\t\t\t\t\t\t\t\t\t\t<img loading=\"lazy\" decoding=\"async\" class=\"woodmart-lazy-load woodmart-lazy-fade info-icon image-1 \" src=\"data:image\/png;base64,iVBORw0KGgoAAAANSUhEUgAAAAoAAAAKCAYAAACNMs+9AAAACXBIWXMAAA7EAAAOxAGVKw4bAAAA1UlEQVQYlW3QvUoDURTE8d+9u6YSCSGFxRLS5Sa1te9h5UP5OtpbiVWykk4sQwhitdkPmxtYwQNTnf+ZOUyAlFKMwQylv9P0g1Nd131YrVaxiGGOBb5xMyYHPruuP8QihilOgpihRVaf0WNZxFnEZLurW4MKCddZG1S73UePcvzTV45eDsPwGkKoMLk4X8A+xz7iNoTwgAYveBuDMbs94S4fPWOadyLadUoRFdoc1+AeabNOJZry3HbHq7KYY5ud3kd\/\/2DaDw4Bcpf\/Fd6e2+643+\/9AjwOQYQfmCz9AAAAAElFTkSuQmCC\" data-wood-src=\"https:\/\/sadecesanaozel.com.tr\/wp-content\/uploads\/2017\/06\/sadece-sana-\u00f6zel-ultra-coast-icon-50x50.png\" width=\"50\" height=\"50\" alt=\"sadece sana \u00f6zel ultra coast icon\" title=\"sadece sana \u00f6zel ultra coast icon\" \/>\t\t\t\t\t\t\t\t\t\t\t\t\t\t\t\t\n\t\t\t\t\t\t\t\n\t\t\t\t\t\t\t<\/div>\n\t\t\t\t\t\t<\/div>\n\t\t\t\t\t\t\t\t\t\t<div class=\"info-box-content\">\n\t\t\t\t\t\t<h4 class=\"info-box-title woodmart-font-weight- box-title-style-default\">MAK\u0130NEDE YIKANAB\u0130L\u0130R<\/h4>\t\t\t\t\t\t<div class=\"info-box-inner reset-mb-10\">\n\t\t\t\t\t\t\t<\/p>\n<p style=\"text-align: center;\">Geli\u015ftirilmi\u015f 3000 derece \u00f6zelli\u011fi ile bula\u015f\u0131k makinesinde y\u0131kanabilir.<\/p>\n<p>\n\t\t\t\t\t\t<\/div>\n\n\t\t\t\t\t\t\t\t\t\t\t\t\n\t\t\t\t\t<\/div>\n\n\t\t\t\t\t\t\t\t\t<\/div>\n\t\t\t<\/div>\n\t\t[\/vc_column_inner][vc_column_inner width=&#8221;1\/2&#8243; css=&#8221;.vc_custom_1490694856753{margin-bottom: 20px !important;}&#8221;]\t\t\t<div class=\"info-box-wrapper \">\n\t\t\t\t<div id=\"wd-69dfd3c432302\" class=\" woodmart-info-box text-center box-icon-align-top box-style- color-scheme- woodmart-bg-none box-title-small vc_custom_1543495059998\"  >\n\t\t\t\t\t\t\t\t\t\t\t<div class=\"box-icon-wrapper  box-with-icon box-icon-simple\">\n\t\t\t\t\t\t\t<div class=\"info-box-icon\">\n\n\t\t\t\t\t\t\t\n\t\t\t\t\t\t\t\t\t\t\t\t\t\t\t\t\t<img loading=\"lazy\" decoding=\"async\" class=\"woodmart-lazy-load woodmart-lazy-fade info-icon image-1 \" src=\"data:image\/png;base64,iVBORw0KGgoAAAANSUhEUgAAAAoAAAAKCAYAAACNMs+9AAAACXBIWXMAAA7EAAAOxAGVKw4bAAAA4klEQVQYlU3QMUuCYRTF8d\/zZmlRIPKm1hBKIiW096md+gQRDY0N+gZOQg4NDhIV9tJt8CE6cJd7Lv97OAmGw2Fx2Gp20MIx3lGjnlcv64j42UspFWf9XomEGzTRs9PraVl2jk9OPtPk+qqMsEmFgfCFc\/xggDamUKAxr6paJNk8wizHeMIFGoU\/BWzRxS1WGGEjdkT51QZveMB9Ji5m82ohkSbXV\/28HOXp4iPTl5m8LGJXwzjXssVjrmab825RF6Q1nom7fDzGAdoRMcUqfdfrBJPJZSH2O2j4p6COsK6qyi8BaUuttVPh9QAAAABJRU5ErkJggg==\" data-wood-src=\"https:\/\/sadecesanaozel.com.tr\/wp-content\/uploads\/2017\/06\/sadece-sana-\u00f6zel-porselen-bardak-icon-50x50.png\" width=\"50\" height=\"50\" alt=\"sadece sana \u00f6zel porselen bardak icon\" title=\"sadece sana \u00f6zel porselen bardak icon\" \/>\t\t\t\t\t\t\t\t\t\t\t\t\t\t\t\t\n\t\t\t\t\t\t\t\n\t\t\t\t\t\t\t<\/div>\n\t\t\t\t\t\t<\/div>\n\t\t\t\t\t\t\t\t\t\t<div class=\"info-box-content\">\n\t\t\t\t\t\t<h4 class=\"info-box-title woodmart-font-weight- box-title-style-default\">PORSELEN \u00dcR\u00dcN\u00dc<\/h4>\t\t\t\t\t\t<div class=\"info-box-inner reset-mb-10\">\n\t\t\t\t\t\t\t<\/p>\n<p style=\"text-align: center;\">Piyasadaki \u00fcr\u00fcnlerden fark\u0131, onun \u00f6zel porselen yap\u0131s\u0131nda ki kalitesidir.<\/p>\n<p>\n\t\t\t\t\t\t<\/div>\n\n\t\t\t\t\t\t\t\t\t\t\t\t\n\t\t\t\t\t<\/div>\n\n\t\t\t\t\t\t\t\t\t<\/div>\n\t\t\t<\/div>\n\t\t[\/vc_column_inner][\/vc_row_inner][\/vc_column][\/vc_row]<\/p>\n","protected":false},"excerpt":{"rendered":"<p>Mesleki kupa bardak serisinde in\u015faat m\u00fchendisleri i\u00e7in tasarlanm\u0131\u015f hediyelik \u015f\u0131k bir porselen kupa bardakt\u0131r. 3000 dereceye dayan\u0131kl\u0131 ve bula\u015f\u0131k makinesinde y\u0131kanabilen \u00f6zelli\u011fe sahip olan \u00f6zel seri Porselen Kupa Barda\u011f\u0131n\u0131z\u0131n \u00fczerinde yazmas\u0131n\u0131 istedi\u011finiz \u0130sim-Soyisim veya yaz\u0131y\u0131 a\u015fa\u011f\u0131daki metin kutusuna yazarak sipari\u015finizi verebilirsiniz.<\/p>\n","protected":false},"featured_media":2904,"comment_status":"open","ping_status":"closed","template":"","meta":[],"product_brand":[],"product_cat":[109],"product_tag":[203,208],"class_list":{"0":"post-2903","1":"product","2":"type-product","3":"status-publish","4":"has-post-thumbnail","6":"product_cat-mesleki-meslek-kupa-bardaklari","7":"product_tag-baskili-kupa-bardak","8":"product_tag-insaat-muhendisi-bardagi","10":"first","11":"instock","12":"shipping-taxable","13":"purchasable","14":"product-type-simple"},"aioseo_notices":[],"_links":{"self":[{"href":"https:\/\/sadecesanaozel.com.tr\/index.php\/wp-json\/wp\/v2\/product\/2903","targetHints":{"allow":["GET"]}}],"collection":[{"href":"https:\/\/sadecesanaozel.com.tr\/index.php\/wp-json\/wp\/v2\/product"}],"about":[{"href":"https:\/\/sadecesanaozel.com.tr\/index.php\/wp-json\/wp\/v2\/types\/product"}],"replies":[{"embeddable":true,"href":"https:\/\/sadecesanaozel.com.tr\/index.php\/wp-json\/wp\/v2\/comments?post=2903"}],"wp:featuredmedia":[{"embeddable":true,"href":"https:\/\/sadecesanaozel.com.tr\/index.php\/wp-json\/wp\/v2\/media\/2904"}],"wp:attachment":[{"href":"https:\/\/sadecesanaozel.com.tr\/index.php\/wp-json\/wp\/v2\/media?parent=2903"}],"wp:term":[{"taxonomy":"product_brand","embeddable":true,"href":"https:\/\/sadecesanaozel.com.tr\/index.php\/wp-json\/wp\/v2\/product_brand?post=2903"},{"taxonomy":"product_cat","embeddable":true,"href":"https:\/\/sadecesanaozel.com.tr\/index.php\/wp-json\/wp\/v2\/product_cat?post=2903"},{"taxonomy":"product_tag","embeddable":true,"href":"https:\/\/sadecesanaozel.com.tr\/index.php\/wp-json\/wp\/v2\/product_tag?post=2903"}],"curies":[{"name":"wp","href":"https:\/\/api.w.org\/{rel}","templated":true}]}}