{"id":4769,"date":"2019-02-27T17:19:11","date_gmt":"2019-02-27T14:19:11","guid":{"rendered":"https:\/\/sadecesanaozel.com.tr\/?post_type=product&#038;p=4769"},"modified":"2026-03-23T20:39:55","modified_gmt":"2026-03-23T17:39:55","slug":"sadece-sana-ozel-hediyelik-kisiye-ozel-baskili-tshirt-kupa-takim-serisi-baskili-kupa-baskili-bay-bayan-tisort-punch-01","status":"publish","type":"product","link":"https:\/\/sadecesanaozel.com.tr\/index.php\/urun\/sadece-sana-ozel-hediyelik-kisiye-ozel-baskili-tshirt-kupa-takim-serisi-baskili-kupa-baskili-bay-bayan-tisort-punch-01\/","title":{"rendered":"T-Shirt ve Kupa Punch"},"content":{"rendered":"<p>[vc_row][vc_column width=&#8221;1\/3&#8243;]\t\t\n\t\t<div id=\"wd-69e2fc9406e99\" class=\"title-wrapper  woodmart-title-color-default woodmart-title-style-default woodmart-title-width-100 text-left woodmart-title-size-small vc_custom_1544613881400\">\n\t\t\t\t\t\t\n\t\t\t<div class=\"liner-continer\">\n\t\t\t\t<span class=\"left-line\"><\/span>\n\t\t\t\t<h4 class=\"woodmart-title-container title  woodmart-font-weight-\" ><strong>TARZINA \u00d6ZEL T\u0130\u015e\u00d6RT<\/strong><\/h4>\t\t\t\t\t\t\t\t<span class=\"right-line\"><\/span>\n\t\t\t<\/div>\n\t\t\t\n\t\t\t\t\t\t\n\t\t\t\t\t<\/div>\n\t\t\n\t\t[vc_column_text]<img loading=\"lazy\" decoding=\"async\" class=\" wp-image-3101 alignleft\" style=\"margin-right: 10px; margin-top: 2px;\" src=\"https:\/\/sadecesanaozel.com.tr\/wp-content\/uploads\/2018\/07\/sadece-sana-\u00f6zel-exclusive-\u00fcr\u00fcnler.png\" alt=\"\" width=\"120\" height=\"88\" \/>Sizlerin \u00f6zg\u00fc se\u00e7imine sunulmu\u015f olan\u00a0ti\u015f\u00f6rtlerimiz ter tutmayan \u00f6zel pamuklu mikro hijyen dokulu kuma\u015f\u0131 sayesinde mikrop bar\u0131nd\u0131rmaz, terletmez ve bedeninizde rahat bir duru\u015f sa\u011flar. Kupa bardaklar\u0131m\u0131z ise \u00f6zel porselen yap\u0131s\u0131 sayesinde 3000\u00b0 ye dayan\u0131kl\u0131 ve bula\u015f\u0131k makinesinde y\u0131kanabilir \u00f6zelli\u011fe sahiptir. Sizler i\u00e7in tasarlanm\u0131\u015f bask\u0131l\u0131 ti\u015f\u00f6rt ve kupa tak\u0131m serimiz ile kendinize bir tarz olu\u015fturabilirsiniz. \u015eimdiden iyi g\u00fcnlerde kullanman\u0131z dile\u011fi ile, iyi al\u0131\u015fveri\u015fler dileriz.[\/vc_column_text][\/vc_column][vc_column width=&#8221;1\/3&#8243;]\t\t\n\t\t<div id=\"wd-69e2fc9406ed6\" class=\"title-wrapper  woodmart-title-color-default woodmart-title-style-default woodmart-title-width-100 text-left woodmart-title-size-small vc_custom_1532165181111\">\n\t\t\t\t\t\t\n\t\t\t<div class=\"liner-continer\">\n\t\t\t\t<span class=\"left-line\"><\/span>\n\t\t\t\t<h4 class=\"woodmart-title-container title  woodmart-font-weight-\" ><strong>\u00d6ZELL\u0130KLER<\/strong><\/h4>\t\t\t\t\t\t\t\t<span class=\"right-line\"><\/span>\n\t\t\t<\/div>\n\t\t\t\n\t\t\t\t\t\t\n\t\t\t\t\t<\/div>\n\t\t\n\t\t[vc_column_text]Pamuklu ve Mikrohijyen \u00f6zel dokuya sahip olan ti\u015f\u00f6rtlerimizi 30 derecede ters olarak makinede y\u0131kayabilir, 3000 dereceye dayan\u0131kl\u0131 Porselen yap\u0131s\u0131yla kupa bardaklar\u0131m\u0131z\u0131 g\u00fcvenle kullanabilirsiniz. \u00dcr\u00fcne ili\u015fkin baz\u0131 bilgiler burada yer almaktad\u0131r.<\/p>\n<ul class=\"unordered-list\">\n<li>Pamuk+Mikrohijyen Kuma\u015f<\/li>\n<li>\u00d6zel Kuma\u015f\u0131 \u0130le Mikrop Bar\u0131nd\u0131rmaz<\/li>\n<li>Porselen Yap\u0131s\u0131yla Exclusive Kupa Bardak<\/li>\n<li>Makine Y\u0131kanabilme \u00d6zelli\u011fi<\/li>\n<\/ul>\n<p>[\/vc_column_text][\/vc_column][vc_column width=&#8221;1\/3&#8243;]\t\t\n\t\t<div id=\"wd-69e2fc9406ef3\" class=\"title-wrapper  woodmart-title-color-default woodmart-title-style-default woodmart-title-width-100 text-left woodmart-title-size-small vc_custom_1532165195756\">\n\t\t\t\t\t\t\n\t\t\t<div class=\"liner-continer\">\n\t\t\t\t<span class=\"left-line\"><\/span>\n\t\t\t\t<h4 class=\"woodmart-title-container title  woodmart-font-weight-\" ><strong>\u00d6L\u00c7\u00dcLER<\/strong><\/h4>\t\t\t\t\t\t\t\t<span class=\"right-line\"><\/span>\n\t\t\t<\/div>\n\t\t\t\n\t\t\t\t\t\t\n\t\t\t\t\t<\/div>\n\t\t\n\t\t[vc_column_text css=&#8221;.vc_custom_1550246314605{margin-bottom: 18px !important;}&#8221;]Ti\u015f\u00f6rt Bedenler: Beden tablosundan g\u00f6r\u00fcnt\u00fcleyebilirsiniz,<br \/>\nTi\u015f\u00f6rt Bask\u0131 alan\u0131: 20&#215;29 cm&#8217;lik alan i\u00e7erisini kapsamaktad\u0131r.<br \/>\nKupa Boyutlar: Geni\u015flik: 23 cm, Y\u00fckseklik: 9,5 cm,<br \/>\nKupa Bask\u0131 alan\u0131: Geni\u015flik: 20,3 cm, Y\u00fckseklik: 9 cm,[\/vc_column_text]\t\t\n\t\t<div id=\"wd-69e2fc9406f05\" class=\"title-wrapper  woodmart-title-color-default woodmart-title-style-default woodmart-title-width-100 text-left woodmart-title-size-small vc_custom_1544190687600\">\n\t\t\t\t\t\t\n\t\t\t<div class=\"liner-continer\">\n\t\t\t\t<span class=\"left-line\"><\/span>\n\t\t\t\t<h4 class=\"woodmart-title-container title  woodmart-font-weight-\" ><strong>AYNI G\u00dcN KARGO<\/strong><\/h4>\t\t\t\t\t\t\t\t<span class=\"right-line\"><\/span>\n\t\t\t<\/div>\n\t\t\t\n\t\t\t\t\t\t\n\t\t\t\t\t<\/div>\n\t\t\n\t\t[vc_column_text css=&#8221;.vc_custom_1544190721004{margin-bottom: 18px !important;}&#8221;]Bu \u00fcr\u00fcn i\u00e7in saat 12:00\u2019ye kadar verilen sipari\u015fler ayn\u0131 g\u00fcn kargoda.[\/vc_column_text]\t\t\n\t\t<div id=\"wd-69e2fc9406f16\" class=\"title-wrapper  woodmart-title-color-default woodmart-title-style-default woodmart-title-width-100 text-left woodmart-title-size-small vc_custom_1532165388869\">\n\t\t\t\t\t\t\n\t\t\t<div class=\"liner-continer\">\n\t\t\t\t<span class=\"left-line\"><\/span>\n\t\t\t\t<h4 class=\"woodmart-title-container title  woodmart-font-weight-\" ><strong>KULLANMA TAL\u0130MATI<\/strong><\/h4>\t\t\t\t\t\t\t\t<span class=\"right-line\"><\/span>\n\t\t\t<\/div>\n\t\t\t\n\t\t\t\t\t\t\n\t\t\t\t\t<\/div>\n\t\t\n\t\t[vc_column_text]\u00dcr\u00fcn ile birlikte size g\u00f6nderilen talimatlara uygun olarak kullanman\u0131z \u00f6nerilmektedir.[\/vc_column_text][\/vc_column][\/vc_row]<\/p>\n","protected":false},"excerpt":{"rendered":"<p>Sizler i\u00e7in tasarlanm\u0131\u015f bask\u0131l\u0131 ti\u015f\u00f6rt ve kupa tak\u0131m kategorimizde yer alan Punch isimli serimiz ile kendinize bir tarz olu\u015fturabilirsiniz. Ti\u015f\u00f6rtlerimiz ter tutmayan \u00f6zel pamuklu mikrohijyen dokulu kuma\u015f\u0131 sayesinde mikrop bar\u0131nd\u0131rmaz, terletmez ve bedeninizde rahat bir duru\u015f sa\u011flar. Do\u011frudan kuma\u015f \u00fczerine uygulanan bask\u0131 tekni\u011fi ile sizlere uzun s\u00fcreli kullan\u0131m imkan\u0131 verir. Kupa bardaklar\u0131m\u0131z ise \u00f6zel porselen yap\u0131s\u0131 sayesinde 3000\u00b0 ye dayan\u0131kl\u0131 ve bula\u015f\u0131k makinesinde y\u0131kanabilir \u00f6zelli\u011fe sahiptir. \u0130ster kendiniz i\u00e7in, ister hediye olarak sevdiklerinize g\u00f6nderin. Bu \u00fcr\u00fcn i\u00e7in saat 12:00&#8217;ye kadar verilen sipari\u015fler ayn\u0131 g\u00fcn kargoya verilmektedir.<\/p>\n","protected":false},"featured_media":4784,"comment_status":"open","ping_status":"closed","template":"","meta":[],"product_brand":[],"product_cat":[41,106],"product_tag":[203,228,302],"class_list":{"0":"post-4769","1":"product","2":"type-product","3":"status-publish","4":"has-post-thumbnail","6":"product_cat-kisiye-ozel-baskili-tisort","7":"product_cat-bay-bayan-unisex-tisort","8":"product_tag-baskili-kupa-bardak","9":"product_tag-baskili-tisort","10":"product_tag-bay-bayan-tisort","12":"first","13":"instock","14":"shipping-taxable","15":"purchasable","16":"product-type-variable"},"aioseo_notices":[],"_links":{"self":[{"href":"https:\/\/sadecesanaozel.com.tr\/index.php\/wp-json\/wp\/v2\/product\/4769","targetHints":{"allow":["GET"]}}],"collection":[{"href":"https:\/\/sadecesanaozel.com.tr\/index.php\/wp-json\/wp\/v2\/product"}],"about":[{"href":"https:\/\/sadecesanaozel.com.tr\/index.php\/wp-json\/wp\/v2\/types\/product"}],"replies":[{"embeddable":true,"href":"https:\/\/sadecesanaozel.com.tr\/index.php\/wp-json\/wp\/v2\/comments?post=4769"}],"wp:featuredmedia":[{"embeddable":true,"href":"https:\/\/sadecesanaozel.com.tr\/index.php\/wp-json\/wp\/v2\/media\/4784"}],"wp:attachment":[{"href":"https:\/\/sadecesanaozel.com.tr\/index.php\/wp-json\/wp\/v2\/media?parent=4769"}],"wp:term":[{"taxonomy":"product_brand","embeddable":true,"href":"https:\/\/sadecesanaozel.com.tr\/index.php\/wp-json\/wp\/v2\/product_brand?post=4769"},{"taxonomy":"product_cat","embeddable":true,"href":"https:\/\/sadecesanaozel.com.tr\/index.php\/wp-json\/wp\/v2\/product_cat?post=4769"},{"taxonomy":"product_tag","embeddable":true,"href":"https:\/\/sadecesanaozel.com.tr\/index.php\/wp-json\/wp\/v2\/product_tag?post=4769"}],"curies":[{"name":"wp","href":"https:\/\/api.w.org\/{rel}","templated":true}]}}