{"id":9008,"date":"2019-05-09T11:01:46","date_gmt":"2019-05-09T08:01:46","guid":{"rendered":"https:\/\/sadecesanaozel.com.tr\/?post_type=product&#038;p=9008"},"modified":"2026-03-23T20:39:48","modified_gmt":"2026-03-23T17:39:48","slug":"sadece-sana-ozel-hediyelik-kisiye-ozel-baskili-tshirt-serisi-baskili-bay-bayan-siyah-erkek-tisort-kapali-sarj-oluyor","status":"publish","type":"product","link":"https:\/\/sadecesanaozel.com.tr\/index.php\/urun\/sadece-sana-ozel-hediyelik-kisiye-ozel-baskili-tshirt-serisi-baskili-bay-bayan-siyah-erkek-tisort-kapali-sarj-oluyor\/","title":{"rendered":"T-Shirt \u015earj Oluyor Siyah"},"content":{"rendered":"<p>[vc_row][vc_column width=&#8221;1\/3&#8243;]\t\t\n\t\t<div id=\"wd-69e35517d8219\" class=\"title-wrapper  woodmart-title-color-default woodmart-title-style-default woodmart-title-width-100 text-left woodmart-title-size-small vc_custom_1544613881400\">\n\t\t\t\t\t\t\n\t\t\t<div class=\"liner-continer\">\n\t\t\t\t<span class=\"left-line\"><\/span>\n\t\t\t\t<h4 class=\"woodmart-title-container title  woodmart-font-weight-\" ><strong>TARZINA \u00d6ZEL T\u0130\u015e\u00d6RT<\/strong><\/h4>\t\t\t\t\t\t\t\t<span class=\"right-line\"><\/span>\n\t\t\t<\/div>\n\t\t\t\n\t\t\t\t\t\t\n\t\t\t\t\t<\/div>\n\t\t\n\t\t[vc_column_text]<img loading=\"lazy\" decoding=\"async\" class=\" wp-image-3101 alignleft\" style=\"margin-right: 10px; margin-top: 2px;\" src=\"https:\/\/sadecesanaozel.com.tr\/wp-content\/uploads\/2018\/07\/sadece-sana-\u00f6zel-bay-bayan-ti\u015f\u00f6rt-\u00fcr\u00fcnleri.png\" alt=\"\" width=\"120\" height=\"88\" \/>Sizlerin \u00f6zg\u00fc se\u00e7imine sunulmu\u015f olan\u00a0ti\u015f\u00f6rtlerimiz ter tutmayan \u00f6zel pamuklu kuma\u015f\u0131 sayesinde bedeninizde rahat bir duru\u015f sa\u011flar. Mikrohijyen dokulu ile mikrop bar\u0131nd\u0131rmaz, terletmez. Ti\u015f\u00f6rtlerimizden be\u011fendi\u011finiz modeli sat\u0131n alabilir, ister kendiniz i\u00e7in ister hediye olarak da sevdiklerinize g\u00f6nderebilirsiniz.<\/p>\n<p>\u00dcr\u00fcn ile ilgili sorular\u0131n\u0131z i\u00e7in m\u00fc\u015fteri temsilcilerimizden destek alabilirsiniz. \u0130yi g\u00fcnlerde kullanman\u0131z dile\u011fi ile iyi al\u0131\u015fveri\u015fler dileriz.[\/vc_column_text][\/vc_column][vc_column width=&#8221;1\/3&#8243;]\t\t\n\t\t<div id=\"wd-69e35517d8273\" class=\"title-wrapper  woodmart-title-color-default woodmart-title-style-default woodmart-title-width-100 text-left woodmart-title-size-small vc_custom_1532165181111\">\n\t\t\t\t\t\t\n\t\t\t<div class=\"liner-continer\">\n\t\t\t\t<span class=\"left-line\"><\/span>\n\t\t\t\t<h4 class=\"woodmart-title-container title  woodmart-font-weight-\" ><strong>\u00d6ZELL\u0130KLER<\/strong><\/h4>\t\t\t\t\t\t\t\t<span class=\"right-line\"><\/span>\n\t\t\t<\/div>\n\t\t\t\n\t\t\t\t\t\t\n\t\t\t\t\t<\/div>\n\t\t\n\t\t[vc_column_text]Pamuklu ve Mikrohijyen \u00f6zel dokusuyla 30 derecede ters olarak makinede y\u0131kanabilen ti\u015f\u00f6rtlerimiz hediyelik ve \u015fahsi kullan\u0131mlar a\u00e7\u0131s\u0131ndan \u015f\u0131k ve exclusive bir \u00fcr\u00fcn olup g\u00fcvenle kullanabilirsiniz. \u00dcr\u00fcne ili\u015fkin baz\u0131 bilgiler burada yer almaktad\u0131r.<\/p>\n<ul class=\"unordered-list\">\n<li>Pamuklu Kuma\u015f<\/li>\n<li>Mikrohijyen \u00d6zelli\u011fi<\/li>\n<li>O Yaka Yeti\u015fkin Bedenleri<\/li>\n<li>29 cm&#8217;lik Bask\u0131 Alan\u0131 <em>(g\u00f6rsellerin ti\u015f\u00f6rt \u00fczerinde ki bask\u0131 alan\u0131n\u0131n azami \u00f6l\u00e7\u00fcs\u00fcd\u00fcr. XS-M gibi k\u00fc\u00e7\u00fck bedenlerde ti\u015f\u00f6rt \u00f6l\u00e7\u00fcs\u00fcne uygun olarak bask\u0131lar\u0131 yap\u0131ld\u0131\u011f\u0131ndan bask\u0131 alan\u0131 de\u011fi\u015fkenlik g\u00f6sterecektir).<\/em><\/li>\n<\/ul>\n<p>[\/vc_column_text][\/vc_column][vc_column width=&#8221;1\/3&#8243;]\t\t\n\t\t<div id=\"wd-69e35517d8299\" class=\"title-wrapper  woodmart-title-color-default woodmart-title-style-default woodmart-title-width-100 text-left woodmart-title-size-small vc_custom_1532165195756\">\n\t\t\t\t\t\t\n\t\t\t<div class=\"liner-continer\">\n\t\t\t\t<span class=\"left-line\"><\/span>\n\t\t\t\t<h4 class=\"woodmart-title-container title  woodmart-font-weight-\" ><strong>\u00d6L\u00c7\u00dcLER<\/strong><\/h4>\t\t\t\t\t\t\t\t<span class=\"right-line\"><\/span>\n\t\t\t<\/div>\n\t\t\t\n\t\t\t\t\t\t\n\t\t\t\t\t<\/div>\n\t\t\n\t\t[vc_column_text css=&#8221;.vc_custom_1553784366709{margin-bottom: 18px !important;}&#8221;]Bedenler: Beden tablosundan g\u00f6r\u00fcnt\u00fcleyebilirsiniz,<br \/>\nBask\u0131 alan\u0131: Bedene uygun olarak ayarlanmaktad\u0131r.[\/vc_column_text]\t\t\n\t\t<div id=\"wd-69e35517d82b3\" class=\"title-wrapper  woodmart-title-color-default woodmart-title-style-default woodmart-title-width-100 text-left woodmart-title-size-small vc_custom_1544190687600\">\n\t\t\t\t\t\t\n\t\t\t<div class=\"liner-continer\">\n\t\t\t\t<span class=\"left-line\"><\/span>\n\t\t\t\t<h4 class=\"woodmart-title-container title  woodmart-font-weight-\" ><strong>AYNI G\u00dcN KARGO<\/strong><\/h4>\t\t\t\t\t\t\t\t<span class=\"right-line\"><\/span>\n\t\t\t<\/div>\n\t\t\t\n\t\t\t\t\t\t\n\t\t\t\t\t<\/div>\n\t\t\n\t\t[vc_column_text css=&#8221;.vc_custom_1544190721004{margin-bottom: 18px !important;}&#8221;]Bu \u00fcr\u00fcn i\u00e7in saat 12:00\u2019ye kadar verilen sipari\u015fler ayn\u0131 g\u00fcn kargoda.[\/vc_column_text]\t\t\n\t\t<div id=\"wd-69e35517d82ca\" class=\"title-wrapper  woodmart-title-color-default woodmart-title-style-default woodmart-title-width-100 text-left woodmart-title-size-small vc_custom_1532165388869\">\n\t\t\t\t\t\t\n\t\t\t<div class=\"liner-continer\">\n\t\t\t\t<span class=\"left-line\"><\/span>\n\t\t\t\t<h4 class=\"woodmart-title-container title  woodmart-font-weight-\" ><strong>KULLANMA TAL\u0130MATI<\/strong><\/h4>\t\t\t\t\t\t\t\t<span class=\"right-line\"><\/span>\n\t\t\t<\/div>\n\t\t\t\n\t\t\t\t\t\t\n\t\t\t\t\t<\/div>\n\t\t\n\t\t[vc_column_text]\u00dcr\u00fcn ile birlikte size g\u00f6nderilen talimatlara uygun olarak kullanman\u0131z \u00f6nerilmektedir.[\/vc_column_text][\/vc_column][\/vc_row]<\/p>\n","protected":false},"excerpt":{"rendered":"<p>Sizler i\u00e7in tasarlanm\u0131\u015f kad\u0131n ve erkeklerin giyebilece\u011fi bask\u0131l\u0131 unisex ti\u015f\u00f6rt kategorimizde yer alan \u015earj Oluyor isimli siyah ti\u015f\u00f6rt\u00fcm\u00fcz\u00fc bir \u00e7ok k\u0131yafetlerinizle kombin edebilirsiniz. Ti\u015f\u00f6rtlerimiz \u00f6zel birinci s\u0131n\u0131f %100 pamuklu kuma\u015f\u0131 sayesinde mikrop bar\u0131nd\u0131rmaz, terletmez ve bedeninizde rahat bir duru\u015f sergiler. Kuma\u015flar\u0131m\u0131zda \u00e7ekme, esneme, kendini salma gibi problemler ya\u015fanmaz uzun s\u00fcreli kullan\u0131m imkan\u0131 sa\u011flar. Renkli 30\u00b0 ters y\u0131kama ile tersten \u00fct\u00fcleme yaparak g\u00fcvenle kullanabilirsiniz.<\/p>\n","protected":false},"featured_media":9015,"comment_status":"open","ping_status":"closed","template":"","meta":[],"product_brand":[],"product_cat":[100,95,41,106],"product_tag":[228,513,301],"class_list":{"0":"post-9008","1":"product","2":"type-product","3":"status-publish","4":"has-post-thumbnail","6":"product_cat-erkek-tisort","7":"product_cat-kadin-tisort","8":"product_cat-kisiye-ozel-baskili-tisort","9":"product_cat-bay-bayan-unisex-tisort","10":"product_tag-baskili-tisort","11":"product_tag-sarj-oluyor-tisort","12":"product_tag-unisex-tisort","14":"first","15":"instock","16":"shipping-taxable","17":"purchasable","18":"product-type-variable"},"aioseo_notices":[],"_links":{"self":[{"href":"https:\/\/sadecesanaozel.com.tr\/index.php\/wp-json\/wp\/v2\/product\/9008","targetHints":{"allow":["GET"]}}],"collection":[{"href":"https:\/\/sadecesanaozel.com.tr\/index.php\/wp-json\/wp\/v2\/product"}],"about":[{"href":"https:\/\/sadecesanaozel.com.tr\/index.php\/wp-json\/wp\/v2\/types\/product"}],"replies":[{"embeddable":true,"href":"https:\/\/sadecesanaozel.com.tr\/index.php\/wp-json\/wp\/v2\/comments?post=9008"}],"wp:featuredmedia":[{"embeddable":true,"href":"https:\/\/sadecesanaozel.com.tr\/index.php\/wp-json\/wp\/v2\/media\/9015"}],"wp:attachment":[{"href":"https:\/\/sadecesanaozel.com.tr\/index.php\/wp-json\/wp\/v2\/media?parent=9008"}],"wp:term":[{"taxonomy":"product_brand","embeddable":true,"href":"https:\/\/sadecesanaozel.com.tr\/index.php\/wp-json\/wp\/v2\/product_brand?post=9008"},{"taxonomy":"product_cat","embeddable":true,"href":"https:\/\/sadecesanaozel.com.tr\/index.php\/wp-json\/wp\/v2\/product_cat?post=9008"},{"taxonomy":"product_tag","embeddable":true,"href":"https:\/\/sadecesanaozel.com.tr\/index.php\/wp-json\/wp\/v2\/product_tag?post=9008"}],"curies":[{"name":"wp","href":"https:\/\/api.w.org\/{rel}","templated":true}]}}