{"id":9225,"date":"2019-07-25T12:39:48","date_gmt":"2019-07-25T09:39:48","guid":{"rendered":"https:\/\/sadecesanaozel.com.tr\/?post_type=product&#038;p=9225"},"modified":"2026-03-23T20:39:44","modified_gmt":"2026-03-23T17:39:44","slug":"sadece-sana-ozel-hediyelik-kisiye-ozel-baskili-ozel-tasarim-buzdolabi-camasir-makinesi-bulasik-makinesi-dolap-cocuk-odasi-sehpa-masa-banyo-fayans-arac-duvar-kaplama-folyosu-serisi-110-kaplama-kagidi","status":"publish","type":"product","link":"https:\/\/sadecesanaozel.com.tr\/index.php\/urun\/sadece-sana-ozel-hediyelik-kisiye-ozel-baskili-ozel-tasarim-buzdolabi-camasir-makinesi-bulasik-makinesi-dolap-cocuk-odasi-sehpa-masa-banyo-fayans-arac-duvar-kaplama-folyosu-serisi-110-kaplama-kagidi\/","title":{"rendered":"Kaplama Folyosu-110"},"content":{"rendered":"<p>[vc_row][vc_column width=&#8221;1\/3&#8243;]\t\t\n\t\t<div id=\"wd-69e373b7b4aad\" class=\"title-wrapper  woodmart-title-color-default woodmart-title-style-default woodmart-title-width-100 text-left woodmart-title-size-small vc_custom_1564053392499\">\n\t\t\t\t\t\t\n\t\t\t<div class=\"liner-continer\">\n\t\t\t\t<span class=\"left-line\"><\/span>\n\t\t\t\t<h4 class=\"woodmart-title-container title  woodmart-font-weight-\" ><strong>KAPLAMA FOLYOSU<\/strong><\/h4>\t\t\t\t\t\t\t\t<span class=\"right-line\"><\/span>\n\t\t\t<\/div>\n\t\t\t\n\t\t\t\t\t\t\n\t\t\t\t\t<\/div>\n\t\t\n\t\t[vc_column_text]<img loading=\"lazy\" decoding=\"async\" class=\" wp-image-3101 alignleft\" style=\"margin-right: 10px; margin-top: 2px;\" src=\"https:\/\/sadecesanaozel.com.tr\/wp-content\/uploads\/2018\/07\/sadece-sana-\u00f6zel-duvar-kaplama-e\u015fye-kaplama-ka\u011f\u0131tlar\u0131.png\" alt=\"\" width=\"120\" height=\"88\" \/>Sizler i\u00e7in tasarlanm\u0131\u015f kaplama \u00fcr\u00fcnlerimizi, kendinden yap\u0131\u015fkanl\u0131 \u00f6zelli\u011fi sayesinde do\u011frudan kaplanacak alana uygulayabilirsiniz. Beyaz e\u015fyalar\u0131n\u0131z\u0131, mobilyalar\u0131n\u0131z\u0131, duvarlar\u0131n\u0131z\u0131, kap\u0131lar\u0131n\u0131z\u0131, mutfak dolaplar\u0131n\u0131z\u0131, fayanslar\u0131n\u0131z\u0131 ve bir \u00e7ok e\u015fyalar\u0131n\u0131z\u0131 kaplayabilirsiniz. Sudan etkilenmeyen silinebilir \u00f6zelli\u011fi ile evinize i\u015f yerinize \u00f6zel ve farkl\u0131 bir hava katabilirsiniz.<\/p>\n<p>Dekoratif olarak bir \u00e7ok yerde kullanabilece\u011finiz folyolar\u0131m\u0131z uygulamas\u0131 ile ilgili a\u015fa\u011f\u0131da detayl\u0131 bilgiyi bulabilirsiniz.[\/vc_column_text][\/vc_column][vc_column width=&#8221;1\/3&#8243;]\t\t\n\t\t<div id=\"wd-69e373b7b4ae6\" class=\"title-wrapper  woodmart-title-color-default woodmart-title-style-default woodmart-title-width-100 text-left woodmart-title-size-small vc_custom_1532165181111\">\n\t\t\t\t\t\t\n\t\t\t<div class=\"liner-continer\">\n\t\t\t\t<span class=\"left-line\"><\/span>\n\t\t\t\t<h4 class=\"woodmart-title-container title  woodmart-font-weight-\" ><strong>\u00d6ZELL\u0130KLER<\/strong><\/h4>\t\t\t\t\t\t\t\t<span class=\"right-line\"><\/span>\n\t\t\t<\/div>\n\t\t\t\n\t\t\t\t\t\t\n\t\t\t\t\t<\/div>\n\t\t\n\t\t[vc_column_text]\u00d6zel olarak tasarlanm\u0131\u015f g\u00f6rsellere sahip olan kaplama folyolar\u0131 kendinden yap\u0131\u015fkanl\u0131 \u00f6zelli\u011fi ile mat ve parlak olarak iki \u00e7e\u015fitte sizlere sunulmaktad\u0131r. Sudan etkilenmeyen silinebilir \u00f6zelli\u011fi ile evinize i\u015f yerinize \u00f6zel ve farkl\u0131 bir hava katabilirsiniz.<\/p>\n<ul class=\"unordered-list\">\n<li>Su ile temas\u0131 uygundur.<\/li>\n<li>Nemli bez ile silinebilir<\/li>\n<li>Kendinden yap\u0131\u015fkanl\u0131 \u00f6zelli\u011fi mevcuttur<\/li>\n<li>Uygulama sonras\u0131 <em>(24 saat herhangi bir i\u015flem yapmay\u0131n\u0131z. Su ile temas\u0131 uygundur ancak silme i\u015fleminde sulu nemli bez kullan\u0131n\u0131z. Herhangi temizlik \u00fcr\u00fcn kullanmay\u0131n\u0131z ve a\u015f\u0131r\u0131 kuvvet uygulayarak silmeyiniz).<\/em><\/li>\n<\/ul>\n<p>[\/vc_column_text][\/vc_column][vc_column width=&#8221;1\/3&#8243;]\t\t\n\t\t<div id=\"wd-69e373b7b4af7\" class=\"title-wrapper  woodmart-title-color-default woodmart-title-style-default woodmart-title-width-100 text-left woodmart-title-size-small vc_custom_1532165195756\">\n\t\t\t\t\t\t\n\t\t\t<div class=\"liner-continer\">\n\t\t\t\t<span class=\"left-line\"><\/span>\n\t\t\t\t<h4 class=\"woodmart-title-container title  woodmart-font-weight-\" ><strong>\u00d6L\u00c7\u00dcLER<\/strong><\/h4>\t\t\t\t\t\t\t\t<span class=\"right-line\"><\/span>\n\t\t\t<\/div>\n\t\t\t\n\t\t\t\t\t\t\n\t\t\t\t\t<\/div>\n\t\t\n\t\t[vc_column_text css=&#8221;.vc_custom_1564051587810{margin-bottom: 18px !important;}&#8221;]\u00d6l\u00e7\u00fcler: \u0130ste\u011fe ba\u011fl\u0131 olarak \u00fcr\u00fcn sayfas\u0131ndan se\u00e7iniz.<br \/>\nKa\u011f\u0131t \u00e7e\u015fidi: Kendinden yap\u0131\u015fkanl\u0131 mat veya parlak.[\/vc_column_text]\t\t\n\t\t<div id=\"wd-69e373b7b4b04\" class=\"title-wrapper  woodmart-title-color-default woodmart-title-style-default woodmart-title-width-100 text-left woodmart-title-size-small vc_custom_1564051852126\">\n\t\t\t\t\t\t\n\t\t\t<div class=\"liner-continer\">\n\t\t\t\t<span class=\"left-line\"><\/span>\n\t\t\t\t<h4 class=\"woodmart-title-container title  woodmart-font-weight-\" ><strong>KARGO S\u00dcRES\u0130<\/strong><\/h4>\t\t\t\t\t\t\t\t<span class=\"right-line\"><\/span>\n\t\t\t<\/div>\n\t\t\t\n\t\t\t\t\t\t\n\t\t\t\t\t<\/div>\n\t\t\n\t\t[vc_column_text css=&#8221;.vc_custom_1564051691704{margin-bottom: 18px !important;}&#8221;]Bu \u00fcr\u00fcn i\u00e7in kargo \u00e7\u0131k\u0131\u015f s\u00fcresi max. 2(iki) i\u015f g\u00fcn\u00fcd\u00fcr.[\/vc_column_text]\t\t\n\t\t<div id=\"wd-69e373b7b4b11\" class=\"title-wrapper  woodmart-title-color-default woodmart-title-style-default woodmart-title-width-100 text-left woodmart-title-size-small vc_custom_1532165388869\">\n\t\t\t\t\t\t\n\t\t\t<div class=\"liner-continer\">\n\t\t\t\t<span class=\"left-line\"><\/span>\n\t\t\t\t<h4 class=\"woodmart-title-container title  woodmart-font-weight-\" ><strong>KULLANMA TAL\u0130MATI<\/strong><\/h4>\t\t\t\t\t\t\t\t<span class=\"right-line\"><\/span>\n\t\t\t<\/div>\n\t\t\t\n\t\t\t\t\t\t\n\t\t\t\t\t<\/div>\n\t\t\n\t\t[vc_column_text]\u00dcr\u00fcn ile birlikte size g\u00f6nderilen talimatlara uygun olarak kullanman\u0131z \u00f6nerilmektedir.[\/vc_column_text][\/vc_column][\/vc_row]<\/p>\n","protected":false},"excerpt":{"rendered":"<p>Sizler i\u00e7in tasarlanm\u0131\u015f dekoratif kaplama \u00fcr\u00fcnleri kategorimizde yer alan \u00f6zel tasar\u0131m kendinden yap\u0131\u015fkanl\u0131 \u00f6zelli\u011fi bulunan 110 nolu folyomuz ile evinizde ki beyaz e\u015fyalar\u0131n\u0131z\u0131, mobilyalar\u0131n\u0131z\u0131, duvarlar\u0131n\u0131z\u0131, kap\u0131lar\u0131n\u0131z\u0131, mutfak dolaplar\u0131n\u0131z\u0131, fayanslar\u0131n\u0131z\u0131 ve bir \u00e7ok e\u015fyalar\u0131n\u0131z\u0131 kaplayabilirsiniz. Sudan etkilenmeyen silinebilir \u00f6zelli\u011fi sayesinde evinize i\u015f yerinize \u00f6zel ve farkl\u0131 bir hava katabilirsiniz. Bir \u00e7ok alanda kullan\u0131m\u0131 olan folyolar\u0131m\u0131z hakk\u0131nda ki detayl\u0131 bilgileri a\u015fa\u011f\u0131da bulabilir uygulama hakk\u0131nda bizlerden destek alabilirsiniz.<br \/>\n<strong><em>Di\u011fer \u00f6zel \u00f6l\u00e7\u00fcleriniz ve sorular\u0131n\u0131z i\u00e7in whatsapp \u00fczerinden bizlere ula\u015fabilirsiniz.<\/em><\/strong><\/p>\n","protected":false},"featured_media":12467,"comment_status":"open","ping_status":"closed","template":"","meta":[],"product_brand":[],"product_cat":[932],"product_tag":[510,509,356],"class_list":{"0":"post-9225","1":"product","2":"type-product","3":"status-publish","4":"has-post-thumbnail","6":"product_cat-kaplama-sticker","7":"product_tag-3-boyutlu-kaplama-kagidi","8":"product_tag-kaplama-folyosu","9":"product_tag-kaplama-kagidi","11":"first","12":"instock","13":"shipping-taxable","14":"purchasable","15":"product-type-variable"},"aioseo_notices":[],"_links":{"self":[{"href":"https:\/\/sadecesanaozel.com.tr\/index.php\/wp-json\/wp\/v2\/product\/9225","targetHints":{"allow":["GET"]}}],"collection":[{"href":"https:\/\/sadecesanaozel.com.tr\/index.php\/wp-json\/wp\/v2\/product"}],"about":[{"href":"https:\/\/sadecesanaozel.com.tr\/index.php\/wp-json\/wp\/v2\/types\/product"}],"replies":[{"embeddable":true,"href":"https:\/\/sadecesanaozel.com.tr\/index.php\/wp-json\/wp\/v2\/comments?post=9225"}],"wp:featuredmedia":[{"embeddable":true,"href":"https:\/\/sadecesanaozel.com.tr\/index.php\/wp-json\/wp\/v2\/media\/12467"}],"wp:attachment":[{"href":"https:\/\/sadecesanaozel.com.tr\/index.php\/wp-json\/wp\/v2\/media?parent=9225"}],"wp:term":[{"taxonomy":"product_brand","embeddable":true,"href":"https:\/\/sadecesanaozel.com.tr\/index.php\/wp-json\/wp\/v2\/product_brand?post=9225"},{"taxonomy":"product_cat","embeddable":true,"href":"https:\/\/sadecesanaozel.com.tr\/index.php\/wp-json\/wp\/v2\/product_cat?post=9225"},{"taxonomy":"product_tag","embeddable":true,"href":"https:\/\/sadecesanaozel.com.tr\/index.php\/wp-json\/wp\/v2\/product_tag?post=9225"}],"curies":[{"name":"wp","href":"https:\/\/api.w.org\/{rel}","templated":true}]}}